{"id":720,"date":"2020-06-29T13:51:41","date_gmt":"2020-06-29T17:51:41","guid":{"rendered":"https:\/\/serviciosnae.com.ve\/?page_id=720"},"modified":"2023-01-10T09:22:20","modified_gmt":"2023-01-10T13:22:20","slug":"tarjeta-de-credito-virtual-prepagada-venezuela","status":"publish","type":"page","link":"https:\/\/nauvemix.com\/rrpp\/tarjeta-de-credito-virtual-prepagada-venezuela\/","title":{"rendered":"Tarjetas de Cr\u00e9dito Virtuales Prepagadas"},"content":{"rendered":"\n<div style=\"margin-top:0;margin-bottom:0;height:20px\" aria-hidden=\"true\" class=\"wp-block-spacer\"><\/div>\n\n\n\n<h2 class=\"wp-block-heading\">Mucho m\u00e1s que Tarjetas de cr\u00e9dito virtuales y desde Venezuela.<\/h2>\n\n\n\n<p>Cuando compras una de nuestras tarjetas virtuales, obtienes un mecanismo de pago e intercambio monetario valioso para personas y negocios. Compra online sin limitaciones de pa\u00eds. Intercambia y recarga saldo entre amigos. Ahorra en moneda extranjera. Invierte en plataformas de inversi\u00f3n. Paga con tarjetas virtuales. Todo desde Venezuela en D\u00f3lares y pagando en Bol\u00edvares, cripto o cualquier moneda y procesador de pago del mercado. Visita nuestra Store para muchos m\u00e1s servicios.<\/p>\n\n\n\n<p>Obtenga tarjetas de cr\u00e9dito virtuales y f\u00edsicas desde Venezuela en D\u00f3lares, pagando en Bol\u00edvares. Tarjetas de pago para compras. Soluciones financieras y solicitudes de tarjetas de cr\u00e9dito prepagadas, recarga de saldos en D\u00f3lares y verificaci\u00f3n de cuentas Paypal. Compre en l\u00ednea con instrumentos financieros verificados.<\/p>\n\n\n\n<div class=\"wp-block-columns is-layout-flex wp-container-core-columns-is-layout-28f84493 wp-block-columns-is-layout-flex\">\n<div class=\"wp-block-column is-vertically-aligned-center is-layout-flow wp-block-column-is-layout-flow\" style=\"flex-basis:66.66%\">\n<h4 class=\"has-text-align-center wp-block-heading\"><em><strong>TARJETA DE CR\u00c9DITO VIRTUAL PARA COMPRAS <\/strong><\/em><\/h4>\n<\/div>\n\n\n\n<div class=\"wp-block-column is-layout-flow wp-block-column-is-layout-flow\" style=\"flex-basis:33.33%\">\n<div class=\"wp-block-buttons is-content-justification-center is-layout-flex wp-container-core-buttons-is-layout-a89b3969 wp-block-buttons-is-layout-flex\">\n<div class=\"wp-block-button is-style-outline is-style-outline--2\"><a class=\"wp-block-button__link has-very-dark-gray-color has-very-light-gray-background-color has-text-color has-background wp-element-button\" href=\"https:\/\/bit.ly\/2YGcfr2\" style=\"border-radius:5px\" target=\"_blank\" rel=\"noreferrer noopener\"><strong>Obtenga una hoy<\/strong><\/a><\/div>\n<\/div>\n\n\n\n<p><\/p>\n<\/div>\n<\/div>\n\n\n\n<div style=\"height:20px\" aria-hidden=\"true\" class=\"wp-block-spacer\"><\/div>\n\n\n\n<p>Protecci\u00f3n financiera con instituciones que garantizan la confiabilidad y protecci\u00f3n de sus datos, recuerde que siempre podr\u00e1 abrir una cuenta bancaria internacional en una oficina local de la instituci\u00f3n y ellos enviar\u00e1n por usted la documentaci\u00f3n por valija a la otra instituci\u00f3n en el pa\u00eds deseado. Solicite sus Tarjetas Visa y Mastercard con total seguridad.<\/p>\n\n\n\n<h5 class=\"wp-block-heading\">TARJETAS DE CR\u00c9DITO F\u00cdSICAS<\/h5>\n\n\n\n<p>Con estas tarjetas usted podr\u00e1 hacer todas las compras y suscripciones igual que las hace con sus tarjetas normales de d\u00e9bito, por la cantidad limitada de cr\u00e9dito. No necesita una cuenta de banco, depender\u00e1 de la aceptaci\u00f3n del banco emisor.<\/p>\n\n\n\n<h5 class=\"wp-block-heading\">TARJETAS DE CR\u00c9DITO VIRTUALES<\/h5>\n\n\n\n<p>Ofrece una cuenta bancaria internacional con direcci\u00f3n legal asociada. Se carga con el saldo de la misma cuenta para consumos nacionales e internacionales. Generalmente el usuario debe tener saldo en su cuenta de banco para costear la compra.<\/p>\n\n\n\n<h5 class=\"wp-block-heading\">TARJETAS VISA Y MASTERCARD PREPAGADAS<\/h5>\n\n\n\n<p>Son tarjetas adquiridas para una, o varias transacciones y usos. Existen variedad de estos instrumentos seg\u00fan la necesidad del usuario. Son muy comunes para compras online, pagos o para verificar cuentas Paypal, Amazon, Google, Facebook e innumerables sitios web.<\/p>\n\n\n\n<h5 class=\"wp-block-heading\">TARJETAS GIFT CARD<\/h5>\n\n\n\n<p>Son tarjetas con montos espec\u00edficos para compras o suscripciones en los propios sitios web de la marca de la tarjeta. No son recargables. El monto debe consumirse totalmente en el pa\u00eds o sitio web. Ejemplos, Gift Card de Amazon, Netflix, Google.<\/p>\n\n\n\n<h3 class=\"has-text-align-center wp-block-heading\">Caracter\u00edsticas de Tarjetas de Cr\u00e9dito Virtuales<\/h3>\n\n\n\n<div style=\"height:20px\" aria-hidden=\"true\" class=\"wp-block-spacer\"><\/div>\n\n\n\n<div class=\"wp-block-media-text alignwide is-stacked-on-mobile\" style=\"grid-template-columns:25% auto\"><figure class=\"wp-block-media-text__media\"><a href=\"http:\/\/share.payoneer.com\/nav\/eVuTL9FnVCXDnvUjOehaNd9MspVXwT_j-N0DdQvxqTjazOXKIJYCtBBsUw-14nUJQXIsNgqwZBwOwfDhh8YyBw2\" target=\"_blank\" rel=\"noopener noreferrer\"><img loading=\"lazy\" decoding=\"async\" width=\"250\" height=\"159\" src=\"https:\/\/nauvemix.com\/rrpp\/wp-content\/uploads\/payoneer.jpg\" alt=\"\" class=\"wp-image-916 size-full\"\/><\/a><\/figure><div class=\"wp-block-media-text__content\">\n<h5 class=\"wp-block-heading\">Tarjeta f\u00edsica y Virtual Prepagada RECARGABLE<\/h5>\n\n\n\n<h3 class=\"wp-block-heading\"><a href=\"http:\/\/share.payoneer.com\/nav\/eVuTL9FnVCXDnvUjOehaNd9MspVXwT_j-N0DdQvxqTjazOXKIJYCtBBsUw-14nUJQXIsNgqwZBwOwfDhh8YyBw2\" target=\"_blank\" aria-label=\"undefined (abre en una nueva pesta\u00f1a)\" rel=\"noreferrer noopener\">Payoneer<\/a><\/h3>\n\n\n\n<p>Compra lo que quieras en sitios donde acepten Visa y MasterCard en tiendas online o f\u00edsicas en todo el mundo.<\/p>\n\n\n\n<p>Env\u00eda y recibe dinero online en el procesador por pagos de servicios de empresas en Europa, Am\u00e9rica y mucho m\u00e1s.<\/p>\n\n\n\n<p>Cuentas bancarias en USD, EU, GB. Gastos de comisi\u00f3n anuales por mantenimiento.<\/p>\n\n\n\n<div class=\"wp-block-buttons is-content-justification-center is-layout-flex wp-container-core-buttons-is-layout-a89b3969 wp-block-buttons-is-layout-flex\">\n<div class=\"wp-block-button is-style-outline is-style-outline--3\"><a class=\"wp-block-button__link has-very-dark-gray-color has-very-light-gray-background-color has-text-color has-background wp-element-button\" href=\"http:\/\/share.payoneer.com\/nav\/eVuTL9FnVCXDnvUjOehaNd9MspVXwT_j-N0DdQvxqTjazOXKIJYCtBBsUw-14nUJQXIsNgqwZBwOwfDhh8YyBw2\" style=\"border-radius:4px\" target=\"_blank\" rel=\"noreferrer noopener\"><strong>Obtener Tarjeta<\/strong><\/a><\/div>\n<\/div>\n\n\n\n<p><\/p>\n<\/div><\/div>\n\n\n\n<div style=\"height:20px\" aria-hidden=\"true\" class=\"wp-block-spacer\"><\/div>\n\n\n\n<div class=\"wp-block-media-text alignwide is-stacked-on-mobile\" style=\"grid-template-columns:25% auto\"><figure class=\"wp-block-media-text__media\"><img loading=\"lazy\" decoding=\"async\" width=\"450\" height=\"300\" src=\"https:\/\/nauvemix.com\/rrpp\/wp-content\/uploads\/tdc-amazon.jpg\" alt=\"\" class=\"wp-image-918 size-full\" srcset=\"https:\/\/nauvemix.com\/rrpp\/wp-content\/uploads\/tdc-amazon.jpg 450w, https:\/\/nauvemix.com\/rrpp\/wp-content\/uploads\/tdc-amazon-300x200.jpg 300w\" sizes=\"auto, (max-width: 450px) 100vw, 450px\" \/><\/figure><div class=\"wp-block-media-text__content\">\n<h5 class=\"wp-block-heading\">Tarjetas Gift Card NO RECARGABLE<\/h5>\n\n\n\n<h3 class=\"wp-block-heading\"><a href=\"https:\/\/t.me\/joinchat\/GQx7xkvAhA7ktdH-xEJ89A\" target=\"_blank\" aria-label=\"undefined (abre en una nueva pesta\u00f1a)\" rel=\"noreferrer noopener\">Amazon \/ Google \/ Otras<\/a><\/h3>\n\n\n\n<p>Compras en tiendas online con las tarjetas. Recarga saldo en sitios Web. Intercambia tarjetas de regalo. Env\u00eda tarjetas personales a tus amigos con montos desde 5$.<\/p>\n\n\n\n<div class=\"wp-block-buttons is-content-justification-center is-layout-flex wp-container-core-buttons-is-layout-a89b3969 wp-block-buttons-is-layout-flex\">\n<div class=\"wp-block-button is-style-outline is-style-outline--4\"><a class=\"wp-block-button__link has-very-dark-gray-color has-very-light-gray-background-color has-text-color has-background wp-element-button\" href=\"https:\/\/t.me\/joinchat\/GQx7xkvAhA7ktdH-xEJ89A\" style=\"border-radius:4px\" target=\"_blank\" rel=\"noreferrer noopener\"><strong>Comprar Tarjeta<\/strong><\/a><\/div>\n<\/div>\n\n\n\n<p><\/p>\n<\/div><\/div>\n\n\n\n<div style=\"height:20px\" aria-hidden=\"true\" class=\"wp-block-spacer\"><\/div>\n\n\n\n<div class=\"wp-block-media-text alignwide is-stacked-on-mobile\" style=\"grid-template-columns:25% auto\"><figure class=\"wp-block-media-text__media\"><img loading=\"lazy\" decoding=\"async\" width=\"450\" height=\"300\" src=\"https:\/\/nauvemix.com\/rrpp\/wp-content\/uploads\/tdc-nae2.jpg\" alt=\"\" class=\"wp-image-919 size-full\" srcset=\"https:\/\/nauvemix.com\/rrpp\/wp-content\/uploads\/tdc-nae2.jpg 450w, https:\/\/nauvemix.com\/rrpp\/wp-content\/uploads\/tdc-nae2-300x200.jpg 300w\" sizes=\"auto, (max-width: 450px) 100vw, 450px\" \/><\/figure><div class=\"wp-block-media-text__content\">\n<h5 class=\"wp-block-heading\">Tarjeta para Verificar ID. NO RECARGABLES<\/h5>\n\n\n\n<h3 class=\"wp-block-heading\"><a href=\"https:\/\/nauvemix.com\/rrpp\/como-registrar-y-verificar-cuenta-paypal-desde-venezuela\/\" target=\"_blank\" rel=\"noreferrer noopener\">Paypal \/ Google \/ Otras<\/a><\/h3>\n\n\n\n<p>Llamadas com\u00fanmente <strong>tarjetas<\/strong> para verificar cuentas Paypal e ID. No recargables.<\/p>\n\n\n\n<p>Las <strong>tarjetas VID<\/strong> verifica diferentes servicios en Internet, como PayPal, Google y Facebook, Amazon y otros. Usa \u00e9sta misma tarjeta para verificar <strong>todas tus cuentas<\/strong>, al comprarla disfrutas de 5$ en Saldo.<\/p>\n\n\n\n<p>La VID es un c\u00f3digo de 16 d\u00edgitos que lo identifican con su nombre y direcci\u00f3n. NAE asegura mediante KYC (sistema de identificaci\u00f3n de seguridad) que le pertenece y la enviar\u00e1 a su correo y a su tel\u00e9fono para confirmar los dem\u00e1s datos de uso. Fecha de vencimiento y CVV2.<\/p>\n\n\n\n<p>Lee nuestro art\u00edculo en <a href=\"https:\/\/nauvemix.com\/rrpp\/como-registrar-y-verificar-cuenta-paypal-desde-venezuela\/\" target=\"_blank\" rel=\"noreferrer noopener\">FAQ<\/a> para saber c\u00f3mo usarlas. Inf\u00f3rmate online con el servicios de Soporte de Chat y reg\u00edstrate en nuestra NAE Store para comprar.<\/p>\n\n\n\n<div class=\"wp-block-buttons is-content-justification-center is-layout-flex wp-container-core-buttons-is-layout-a89b3969 wp-block-buttons-is-layout-flex\">\n<div class=\"wp-block-button is-style-outline is-style-outline--5\"><a class=\"wp-block-button__link has-very-dark-gray-color has-very-light-gray-background-color has-text-color has-background wp-element-button\" href=\"https:\/\/nauvemix.com\/rrpp\/como-registrar-y-verificar-cuenta-paypal-desde-venezuela\/\" style=\"border-radius:4px\" target=\"_blank\" rel=\"noreferrer noopener\"><strong>FAQ<\/strong><\/a><\/div>\n\n\n\n<div class=\"wp-block-button is-style-outline is-style-outline--6\"><a class=\"wp-block-button__link has-very-dark-gray-color has-very-light-gray-background-color has-text-color has-background wp-element-button\" style=\"border-radius:4px\"><strong>Comprar VID<\/strong><\/a><\/div>\n<\/div>\n\n\n\n<p><\/p>\n<\/div><\/div>\n\n\n\n<div style=\"height:20px\" aria-hidden=\"true\" class=\"wp-block-spacer\"><\/div>\n\n\n\n<div class=\"wp-block-media-text alignwide is-stacked-on-mobile\" style=\"grid-template-columns:25% auto\"><figure class=\"wp-block-media-text__media\"><img loading=\"lazy\" decoding=\"async\" width=\"280\" height=\"280\" src=\"https:\/\/nauvemix.com\/rrpp\/wp-content\/uploads\/img02.jpg\" alt=\"\" class=\"wp-image-920 size-full\" srcset=\"https:\/\/nauvemix.com\/rrpp\/wp-content\/uploads\/img02.jpg 280w, https:\/\/nauvemix.com\/rrpp\/wp-content\/uploads\/img02-150x150.jpg 150w\" sizes=\"auto, (max-width: 280px) 100vw, 280px\" \/><\/figure><div class=\"wp-block-media-text__content\">\n<h5 class=\"wp-block-heading\">Tarjeta de Cr\u00e9dito Virtual VIP para compras. NO RECARGABLE<\/h5>\n\n\n\n<h3 class=\"wp-block-heading\"><a href=\"https:\/\/t.me\/joinchat\/GQx7xkvAhA7ktdH-xEJ89A\" target=\"_blank\" rel=\"noreferrer noopener\">Compra en tiendas en USA<\/a><\/h3>\n\n\n\n<p>Compra en cualquier tienda s\u00f3lo en Estados Unidos, donde acepten Visa, MasterCard o American Express con tarjetas de cr\u00e9dito virtuales <strong>desde Venezuela y el mundo<\/strong>. V\u00e1lida para clientes en todos los pa\u00edses.<\/p>\n\n\n\n<p><strong>Tarjeta de cr\u00e9dito <\/strong>de 15 \u00f3 16 d\u00edgitos y CVV2 que lo identifican con su nombre y direcci\u00f3n. NAE asegura mediante KYC (sistema de identificaci\u00f3n de seguridad) que le pertenece.<\/p>\n\n\n\n<p>Enviada a su correo y a su tel\u00e9fono para confirmar los dem\u00e1s datos de uso. Fecha de vencimiento, <strong>6 meses, 1 a\u00f1o, 5 a\u00f1os<\/strong>.<\/p>\n\n\n\n<p>Montos disponibles <strong>desde 5$ hasta 1000$<\/strong>. Inf\u00f3rmate Online. Reg\u00edstrate en nuestra NAE Store para comprar.<\/p>\n\n\n\n<div class=\"wp-block-buttons is-layout-flex wp-block-buttons-is-layout-flex\">\n<div class=\"wp-block-button aligncenter is-style-outline is-style-outline--7\"><a class=\"wp-block-button__link has-very-dark-gray-color has-very-light-gray-background-color has-text-color has-background wp-element-button\" href=\"https:\/\/t.me\/joinchat\/GQx7xkvAhA7ktdH-xEJ89A\" style=\"border-radius:4px\" target=\"_blank\" rel=\"noreferrer noopener\"><strong>VIP<\/strong><\/a><\/div>\n<\/div>\n\n\n\n<p><\/p>\n<\/div><\/div>\n\n\n\n<div style=\"height:20px\" aria-hidden=\"true\" class=\"wp-block-spacer\"><\/div>\n\n\n\n<h3 class=\"has-text-align-center wp-block-heading\">POL\u00cdTICA DE SEGURIDAD<\/h3>\n\n\n\n<p class=\"has-text-align-center\">NAE no es parte de ninguna instituci\u00f3n financiera, por ello bajo sus servicios, brinda asistencia t\u00e9cnica a personas y negocios que deseen obtener servicios de vanguardia con total seguridad desde su pa\u00eds, evitando demoras con un servicio presto a mantenerlos informados.<\/p>\n\n\n\n<p class=\"has-text-align-center\">Cualquier servicio correspondiente a Inversiones y Finanzas en nuestro Site es solo sugerencias y no es obligaci\u00f3n de las partes, salvo lo dispuesto por responsabilidades amparadas por legislaciones vigentes.<\/p>\n\n\n\n<p class=\"has-text-align-center\">En nuestro Site encontrar\u00e1 m\u00e1s detalles, tarjetas y procesadores que puede utilizar desde cualquier pa\u00eds, d\u00e9jenos sus comentarios y as\u00ed podremos actualizar nuestros productos y servicios.<\/p>\n\n\n\n<div class=\"wp-block-buttons is-content-justification-center is-layout-flex wp-container-core-buttons-is-layout-a89b3969 wp-block-buttons-is-layout-flex\">\n<div class=\"wp-block-button\"><a class=\"wp-block-button__link has-very-dark-gray-background-color has-background wp-element-button\" href=\"https:\/\/t.me\/joinchat\/GQx7xkvAhA7ktdH-xEJ89A\" style=\"border-radius:10px\" target=\"_blank\" rel=\"noreferrer noopener\">Telegram<\/a><\/div>\n<\/div>\n\n\n\n<p><\/p>\n","protected":false},"excerpt":{"rendered":"<p>Mucho m\u00e1s que Tarjetas de cr\u00e9dito virtuales y desde Venezuela. Cuando compras una de nuestras tarjetas virtuales, obtienes un mecanismo de pago e intercambio monetario valioso para personas y negocios. Compra online sin limitaciones de pa\u00eds. Intercambia y recarga saldo entre amigos. Ahorra en moneda extranjera. Invierte en plataformas de inversi\u00f3n. Paga con tarjetas virtuales. [&hellip;]<\/p>\n","protected":false},"author":1,"featured_media":898,"parent":0,"menu_order":0,"comment_status":"closed","ping_status":"closed","template":"","meta":{"footnotes":""},"class_list":["post-720","page","type-page","status-publish","has-post-thumbnail","hentry"],"blocksy_meta":{"styles_descriptor":{"styles":{"desktop":"","tablet":"","mobile":""},"google_fonts":[],"version":6}},"yoast_head":"<!-- This site is optimized with the Yoast SEO plugin v27.4 - https:\/\/yoast.com\/product\/yoast-seo-wordpress\/ -->\n<title>NAUVEMIX Intelligent solutions - Tarjetas de Cr\u00e9dito Virtuales Prepagadas<\/title>\n<meta name=\"description\" content=\"Tarjetas de cr\u00e9dito virtuales desde Venezuela, paga en Bol\u00edvares, soluciones y solicitudes de tarjetas de cr\u00e9dito prepaga, recarga y verifica cuentas paypal\" \/>\n<meta name=\"robots\" content=\"index, follow, max-snippet:-1, max-image-preview:large, max-video-preview:-1\" \/>\n<link rel=\"canonical\" href=\"https:\/\/nauvemix.com\/rrpp\/tarjeta-de-credito-virtual-prepagada-venezuela\/\" \/>\n<meta property=\"og:locale\" content=\"es_ES\" \/>\n<meta property=\"og:type\" content=\"article\" \/>\n<meta property=\"og:title\" content=\"NAUVEMIX Intelligent solutions - Tarjetas de Cr\u00e9dito Virtuales Prepagadas\" \/>\n<meta property=\"og:description\" content=\"Tarjetas de cr\u00e9dito virtuales desde Venezuela, paga en Bol\u00edvares, soluciones y solicitudes de tarjetas de cr\u00e9dito prepaga, recarga y verifica cuentas paypal\" \/>\n<meta property=\"og:url\" content=\"https:\/\/nauvemix.com\/rrpp\/tarjeta-de-credito-virtual-prepagada-venezuela\/\" \/>\n<meta property=\"og:site_name\" content=\"NAUVEMIX Intelligent solutions\" \/>\n<meta property=\"article:modified_time\" content=\"2023-01-10T13:22:20+00:00\" \/>\n<meta property=\"og:image\" content=\"https:\/\/nauvemix.com\/rrpp\/wp-content\/uploads\/tdc2-1.jpg\" \/>\n\t<meta property=\"og:image:width\" content=\"1920\" \/>\n\t<meta property=\"og:image:height\" content=\"1080\" \/>\n\t<meta property=\"og:image:type\" content=\"image\/jpeg\" \/>\n<meta name=\"twitter:card\" content=\"summary_large_image\" \/>\n<meta name=\"twitter:label1\" content=\"Tiempo de lectura\" \/>\n\t<meta name=\"twitter:data1\" content=\"5 minutos\" \/>\n<script type=\"application\/ld+json\" class=\"yoast-schema-graph\">{\"@context\":\"https:\\\/\\\/schema.org\",\"@graph\":[{\"@type\":\"WebPage\",\"@id\":\"https:\\\/\\\/nauvemix.com\\\/rrpp\\\/tarjeta-de-credito-virtual-prepagada-venezuela\\\/\",\"url\":\"https:\\\/\\\/nauvemix.com\\\/rrpp\\\/tarjeta-de-credito-virtual-prepagada-venezuela\\\/\",\"name\":\"NAUVEMIX Intelligent solutions - Tarjetas de Cr\u00e9dito Virtuales Prepagadas\",\"isPartOf\":{\"@id\":\"https:\\\/\\\/nauvemix.com\\\/rrpp\\\/#website\"},\"primaryImageOfPage\":{\"@id\":\"https:\\\/\\\/nauvemix.com\\\/rrpp\\\/tarjeta-de-credito-virtual-prepagada-venezuela\\\/#primaryimage\"},\"image\":{\"@id\":\"https:\\\/\\\/nauvemix.com\\\/rrpp\\\/tarjeta-de-credito-virtual-prepagada-venezuela\\\/#primaryimage\"},\"thumbnailUrl\":\"https:\\\/\\\/nauvemix.com\\\/rrpp\\\/wp-content\\\/uploads\\\/tdc2-1.jpg\",\"datePublished\":\"2020-06-29T17:51:41+00:00\",\"dateModified\":\"2023-01-10T13:22:20+00:00\",\"description\":\"Tarjetas de cr\u00e9dito virtuales desde Venezuela, paga en Bol\u00edvares, soluciones y solicitudes de tarjetas de cr\u00e9dito prepaga, recarga y verifica cuentas paypal\",\"breadcrumb\":{\"@id\":\"https:\\\/\\\/nauvemix.com\\\/rrpp\\\/tarjeta-de-credito-virtual-prepagada-venezuela\\\/#breadcrumb\"},\"inLanguage\":\"es\",\"potentialAction\":[{\"@type\":\"ReadAction\",\"target\":[\"https:\\\/\\\/nauvemix.com\\\/rrpp\\\/tarjeta-de-credito-virtual-prepagada-venezuela\\\/\"]}]},{\"@type\":\"ImageObject\",\"inLanguage\":\"es\",\"@id\":\"https:\\\/\\\/nauvemix.com\\\/rrpp\\\/tarjeta-de-credito-virtual-prepagada-venezuela\\\/#primaryimage\",\"url\":\"https:\\\/\\\/nauvemix.com\\\/rrpp\\\/wp-content\\\/uploads\\\/tdc2-1.jpg\",\"contentUrl\":\"https:\\\/\\\/nauvemix.com\\\/rrpp\\\/wp-content\\\/uploads\\\/tdc2-1.jpg\",\"width\":1920,\"height\":1080,\"caption\":\"Tarjeta virtual\"},{\"@type\":\"BreadcrumbList\",\"@id\":\"https:\\\/\\\/nauvemix.com\\\/rrpp\\\/tarjeta-de-credito-virtual-prepagada-venezuela\\\/#breadcrumb\",\"itemListElement\":[{\"@type\":\"ListItem\",\"position\":1,\"name\":\"Portada\",\"item\":\"https:\\\/\\\/nauvemix.com\\\/rrpp\\\/\"},{\"@type\":\"ListItem\",\"position\":2,\"name\":\"Tarjetas de Cr\u00e9dito Virtuales Prepagadas\"}]},{\"@type\":\"WebSite\",\"@id\":\"https:\\\/\\\/nauvemix.com\\\/rrpp\\\/#website\",\"url\":\"https:\\\/\\\/nauvemix.com\\\/rrpp\\\/\",\"name\":\"NAUVEMIX\",\"description\":\"\",\"publisher\":{\"@id\":\"https:\\\/\\\/nauvemix.com\\\/rrpp\\\/#\\\/schema\\\/person\\\/9168ad5e1c79786216aabf940fcedfc9\"},\"alternateName\":\"NAE\",\"potentialAction\":[{\"@type\":\"SearchAction\",\"target\":{\"@type\":\"EntryPoint\",\"urlTemplate\":\"https:\\\/\\\/nauvemix.com\\\/rrpp\\\/?s={search_term_string}\"},\"query-input\":{\"@type\":\"PropertyValueSpecification\",\"valueRequired\":true,\"valueName\":\"search_term_string\"}}],\"inLanguage\":\"es\"},{\"@type\":[\"Person\",\"Organization\"],\"@id\":\"https:\\\/\\\/nauvemix.com\\\/rrpp\\\/#\\\/schema\\\/person\\\/9168ad5e1c79786216aabf940fcedfc9\",\"name\":\"NAUVEMIX\",\"image\":{\"@type\":\"ImageObject\",\"inLanguage\":\"es\",\"@id\":\"https:\\\/\\\/nauvemix.com\\\/rrpp\\\/wp-content\\\/uploads\\\/logo-barra-150.png\",\"url\":\"https:\\\/\\\/nauvemix.com\\\/rrpp\\\/wp-content\\\/uploads\\\/logo-barra-150.png\",\"contentUrl\":\"https:\\\/\\\/nauvemix.com\\\/rrpp\\\/wp-content\\\/uploads\\\/logo-barra-150.png\",\"width\":146,\"height\":70,\"caption\":\"NAUVEMIX\"},\"logo\":{\"@id\":\"https:\\\/\\\/nauvemix.com\\\/rrpp\\\/wp-content\\\/uploads\\\/logo-barra-150.png\"},\"sameAs\":[\"http:\\\/\\\/nauvemix.com\\\/rrpp\",\"https:\\\/\\\/www.instagram.com\\\/serviciosnae\",\"https:\\\/\\\/www.youtube.com\\\/channel\\\/UC-NvCsXlJpHGkuY0noDtZoA\"]}]}<\/script>\n<!-- \/ Yoast SEO plugin. -->","yoast_head_json":{"title":"NAUVEMIX Intelligent solutions - Tarjetas de Cr\u00e9dito Virtuales Prepagadas","description":"Tarjetas de cr\u00e9dito virtuales desde Venezuela, paga en Bol\u00edvares, soluciones y solicitudes de tarjetas de cr\u00e9dito prepaga, recarga y verifica cuentas paypal","robots":{"index":"index","follow":"follow","max-snippet":"max-snippet:-1","max-image-preview":"max-image-preview:large","max-video-preview":"max-video-preview:-1"},"canonical":"https:\/\/nauvemix.com\/rrpp\/tarjeta-de-credito-virtual-prepagada-venezuela\/","og_locale":"es_ES","og_type":"article","og_title":"NAUVEMIX Intelligent solutions - Tarjetas de Cr\u00e9dito Virtuales Prepagadas","og_description":"Tarjetas de cr\u00e9dito virtuales desde Venezuela, paga en Bol\u00edvares, soluciones y solicitudes de tarjetas de cr\u00e9dito prepaga, recarga y verifica cuentas paypal","og_url":"https:\/\/nauvemix.com\/rrpp\/tarjeta-de-credito-virtual-prepagada-venezuela\/","og_site_name":"NAUVEMIX Intelligent solutions","article_modified_time":"2023-01-10T13:22:20+00:00","og_image":[{"width":1920,"height":1080,"url":"https:\/\/nauvemix.com\/rrpp\/wp-content\/uploads\/tdc2-1.jpg","type":"image\/jpeg"}],"twitter_card":"summary_large_image","twitter_misc":{"Tiempo de lectura":"5 minutos"},"schema":{"@context":"https:\/\/schema.org","@graph":[{"@type":"WebPage","@id":"https:\/\/nauvemix.com\/rrpp\/tarjeta-de-credito-virtual-prepagada-venezuela\/","url":"https:\/\/nauvemix.com\/rrpp\/tarjeta-de-credito-virtual-prepagada-venezuela\/","name":"NAUVEMIX Intelligent solutions - Tarjetas de Cr\u00e9dito Virtuales Prepagadas","isPartOf":{"@id":"https:\/\/nauvemix.com\/rrpp\/#website"},"primaryImageOfPage":{"@id":"https:\/\/nauvemix.com\/rrpp\/tarjeta-de-credito-virtual-prepagada-venezuela\/#primaryimage"},"image":{"@id":"https:\/\/nauvemix.com\/rrpp\/tarjeta-de-credito-virtual-prepagada-venezuela\/#primaryimage"},"thumbnailUrl":"https:\/\/nauvemix.com\/rrpp\/wp-content\/uploads\/tdc2-1.jpg","datePublished":"2020-06-29T17:51:41+00:00","dateModified":"2023-01-10T13:22:20+00:00","description":"Tarjetas de cr\u00e9dito virtuales desde Venezuela, paga en Bol\u00edvares, soluciones y solicitudes de tarjetas de cr\u00e9dito prepaga, recarga y verifica cuentas paypal","breadcrumb":{"@id":"https:\/\/nauvemix.com\/rrpp\/tarjeta-de-credito-virtual-prepagada-venezuela\/#breadcrumb"},"inLanguage":"es","potentialAction":[{"@type":"ReadAction","target":["https:\/\/nauvemix.com\/rrpp\/tarjeta-de-credito-virtual-prepagada-venezuela\/"]}]},{"@type":"ImageObject","inLanguage":"es","@id":"https:\/\/nauvemix.com\/rrpp\/tarjeta-de-credito-virtual-prepagada-venezuela\/#primaryimage","url":"https:\/\/nauvemix.com\/rrpp\/wp-content\/uploads\/tdc2-1.jpg","contentUrl":"https:\/\/nauvemix.com\/rrpp\/wp-content\/uploads\/tdc2-1.jpg","width":1920,"height":1080,"caption":"Tarjeta virtual"},{"@type":"BreadcrumbList","@id":"https:\/\/nauvemix.com\/rrpp\/tarjeta-de-credito-virtual-prepagada-venezuela\/#breadcrumb","itemListElement":[{"@type":"ListItem","position":1,"name":"Portada","item":"https:\/\/nauvemix.com\/rrpp\/"},{"@type":"ListItem","position":2,"name":"Tarjetas de Cr\u00e9dito Virtuales Prepagadas"}]},{"@type":"WebSite","@id":"https:\/\/nauvemix.com\/rrpp\/#website","url":"https:\/\/nauvemix.com\/rrpp\/","name":"NAUVEMIX","description":"","publisher":{"@id":"https:\/\/nauvemix.com\/rrpp\/#\/schema\/person\/9168ad5e1c79786216aabf940fcedfc9"},"alternateName":"NAE","potentialAction":[{"@type":"SearchAction","target":{"@type":"EntryPoint","urlTemplate":"https:\/\/nauvemix.com\/rrpp\/?s={search_term_string}"},"query-input":{"@type":"PropertyValueSpecification","valueRequired":true,"valueName":"search_term_string"}}],"inLanguage":"es"},{"@type":["Person","Organization"],"@id":"https:\/\/nauvemix.com\/rrpp\/#\/schema\/person\/9168ad5e1c79786216aabf940fcedfc9","name":"NAUVEMIX","image":{"@type":"ImageObject","inLanguage":"es","@id":"https:\/\/nauvemix.com\/rrpp\/wp-content\/uploads\/logo-barra-150.png","url":"https:\/\/nauvemix.com\/rrpp\/wp-content\/uploads\/logo-barra-150.png","contentUrl":"https:\/\/nauvemix.com\/rrpp\/wp-content\/uploads\/logo-barra-150.png","width":146,"height":70,"caption":"NAUVEMIX"},"logo":{"@id":"https:\/\/nauvemix.com\/rrpp\/wp-content\/uploads\/logo-barra-150.png"},"sameAs":["http:\/\/nauvemix.com\/rrpp","https:\/\/www.instagram.com\/serviciosnae","https:\/\/www.youtube.com\/channel\/UC-NvCsXlJpHGkuY0noDtZoA"]}]}},"_links":{"self":[{"href":"https:\/\/nauvemix.com\/rrpp\/wp-json\/wp\/v2\/pages\/720","targetHints":{"allow":["GET"]}}],"collection":[{"href":"https:\/\/nauvemix.com\/rrpp\/wp-json\/wp\/v2\/pages"}],"about":[{"href":"https:\/\/nauvemix.com\/rrpp\/wp-json\/wp\/v2\/types\/page"}],"author":[{"embeddable":true,"href":"https:\/\/nauvemix.com\/rrpp\/wp-json\/wp\/v2\/users\/1"}],"replies":[{"embeddable":true,"href":"https:\/\/nauvemix.com\/rrpp\/wp-json\/wp\/v2\/comments?post=720"}],"version-history":[{"count":5,"href":"https:\/\/nauvemix.com\/rrpp\/wp-json\/wp\/v2\/pages\/720\/revisions"}],"predecessor-version":[{"id":1777,"href":"https:\/\/nauvemix.com\/rrpp\/wp-json\/wp\/v2\/pages\/720\/revisions\/1777"}],"wp:featuredmedia":[{"embeddable":true,"href":"https:\/\/nauvemix.com\/rrpp\/wp-json\/wp\/v2\/media\/898"}],"wp:attachment":[{"href":"https:\/\/nauvemix.com\/rrpp\/wp-json\/wp\/v2\/media?parent=720"}],"curies":[{"name":"wp","href":"https:\/\/api.w.org\/{rel}","templated":true}]}}