{"id":60,"date":"2023-01-10T09:23:05","date_gmt":"2023-01-10T13:23:05","guid":{"rendered":"https:\/\/serviciosnae.com.ve\/?page_id=43"},"modified":"2026-03-28T19:18:20","modified_gmt":"2026-03-28T23:18:20","slug":"inicio","status":"publish","type":"page","link":"https:\/\/nauvemix.com\/rrpp\/inicio\/","title":{"rendered":"StartUp y Emprendimientos"},"content":{"rendered":"\n<p>Las tendencias de la globalizaci\u00f3n del mercado han dado origen desde 2012 a numerosas organizaciones a nivel mundial vinculadas a las Startups y a los emprendimientos, pero, cu\u00e1l es la diferencia entre los t\u00e9rminos y qu\u00e9 puede ayudarnos a decidir hacia d\u00f3nde inclinarnos a la hora de generar beneficios y rentabilidad con la opci\u00f3n m\u00e1s acertada para nosotros.<\/p>\n\n\n\n<p>En este art\u00edculo analizaremos varios principios b\u00e1sicos de administraci\u00f3n, econom\u00eda, tecnolog\u00eda y negocios que nos pueden ayudar a comprender lo que enfrentan ambos entornos.<\/p>\n\n\n\n<h3 class=\"wp-block-heading\">Caracter\u00edsticas b\u00e1sicas de una Startup<\/h3>\n\n\n\n<p><strong>Estructura: <\/strong>una Startup se caracteriza principalmente por ser una <strong>estructura empresarial formal<\/strong>, claramente definida por varias etapas, dentro de \u00e9stas la etapa inicial de lanzamiento es muy corta, con un producto m\u00ednimo viable. Esta etapa est\u00e1 llena de innovaci\u00f3n, financiaci\u00f3n y tecnolog\u00eda de r\u00e1pido crecimiento.<\/p>\n\n\n\n<p><strong>Capital:<\/strong> seguida de un lanzamiento innovador, es indudable que necesita capital de financiamiento. Auspiciadas principalmente por<strong> capital de riesgo<\/strong> y \u00e1ngeles inversionistas destacan en este aspecto por la necesidad de ser revolucionariamente innovadoras en la aplicaci\u00f3n de modelos de negocios aunada a la implementaci\u00f3n de tecnolog\u00edas para atraer a estos capitales.<\/p>\n\n\n\n<p><strong>Recursos Humanos: <\/strong>el capital humano que hace parte de una Startup es indudablemente <strong>visionario<\/strong>, futurista y altamente motivado por si mismos o por asesores externos.<\/p>\n\n\n\n<h3 class=\"wp-block-heading\">Caracter\u00edsticas b\u00e1sicas de un emprendimiento<\/h3>\n\n\n\n<p><strong>Estructura:<\/strong> un emprendimiento viene a ser para el Organismo Internacional de Juventud para Iberoam\u00e9rica (<a href=\"https:\/\/oij.org\/\" target=\"_blank\" rel=\"noreferrer noopener\">OIJ<\/a>) una salida de ocupaci\u00f3n profesional motivada a desempleo y a la explotaci\u00f3n de \u00e1reas de oportunidad que giran alrededor de la realidad econ\u00f3mica de los involucrados. Su estructura inicial es netamente <strong>informal.<\/strong><\/p>\n\n\n\n<p><strong>Capital: <\/strong>el financiamiento es propiciado por los interesados que por regla general no cuentan con grandes <strong>recursos propios<\/strong>, pero, buscan resolver \u00e1reas de afectaci\u00f3n en su entorno con proyectos mediante incubadoras y metodolog\u00edas de aceleraci\u00f3n social y organizaciones sin fines de lucro.<\/p>\n\n\n\n<p><strong>Recursos Humanos:<\/strong> la formaci\u00f3n del personal que forma parte de un emprendimiento es netamente individual ya que <strong>un emprendedor es el formador de la idea<\/strong> de negocios en apoyo a relaciones cercanas y por ende a la globalizaci\u00f3n, los avances tecnol\u00f3gicos y la econom\u00eda digital que han generado grandes impactos en el mundo laboral donde no aparece como \u00fanica opci\u00f3n desarrollar una trayectoria profesional, un empleo estable, con horarios fijos.<\/p>\n\n\n\n<h3 class=\"wp-block-heading\">La importancia del conocimiento del mercado para la toma de decisiones<\/h3>\n\n\n\n<p>Independientemente de uno u otro aspecto sobresaliente en cada uno, junto a ventajas y desventajas que rodean la realidad de estas tendencias de negocios, el tomar en cuenta nuestra propia formaci\u00f3n personal permite que ambas opciones est\u00e9n presentes en el mundo econ\u00f3mico.<\/p>\n\n\n\n<p>Es importante destacar que seg\u00fan la Asociaci\u00f3n para Inversi\u00f3n de Capital Privado en Am\u00e9rica Latina (LAVCA) en ingl\u00e9s The Association for Private Capital Investment in Latin America, una organizaci\u00f3n sin fines de lucro, en 2021 Latinoam\u00e9rica atrajo m\u00e1s de 15.000 millones de d\u00f3lares de capital de riesgo, por lo cual el crecimiento es galopante.<\/p>\n\n\n\n<figure class=\"wp-block-image aligncenter size-full\"><img loading=\"lazy\" decoding=\"async\" width=\"680\" height=\"454\" src=\"https:\/\/nauvemix.com\/rrpp\/wp-content\/uploads\/LAVCA.jpeg\" alt=\"Startups y capital de riesgo en Latinoam\u00e9rica\" class=\"wp-image-1402\" title=\"\" srcset=\"https:\/\/nauvemix.com\/rrpp\/wp-content\/uploads\/LAVCA.jpeg 680w, https:\/\/nauvemix.com\/rrpp\/wp-content\/uploads\/LAVCA-300x200.jpeg 300w\" sizes=\"auto, (max-width: 680px) 100vw, 680px\" \/><\/figure>\n\n\n\n<p>Igualmente, es de hacer notar que las personas que rodean los diferentes modelos de negocios requieren una motivaci\u00f3n clara que las sostenga. En este aspecto la OIJ para 2015 establec\u00eda motivos por los cuales la actividad emprendedora cesa, adem\u00e1s el informe 2019 de Startup Genome resumida <a href=\"https:\/\/www.failory.com\/blog\/startup-failure-rate\" target=\"_blank\" rel=\"noreferrer noopener\">AQU\u00cd<\/a>  menciona que 9 de cada 10 startups fallan.<\/p>\n\n\n\n<figure class=\"wp-block-image aligncenter size-full\"><img loading=\"lazy\" decoding=\"async\" width=\"796\" height=\"665\" src=\"https:\/\/nauvemix.com\/rrpp\/wp-content\/uploads\/gem-2015.jpg\" alt=\"Deserci\u00f3n emprendedora\" class=\"wp-image-1404\" srcset=\"https:\/\/nauvemix.com\/rrpp\/wp-content\/uploads\/gem-2015.jpg 796w, https:\/\/nauvemix.com\/rrpp\/wp-content\/uploads\/gem-2015-300x251.jpg 300w, https:\/\/nauvemix.com\/rrpp\/wp-content\/uploads\/gem-2015-768x642.jpg 768w\" sizes=\"auto, (max-width: 796px) 100vw, 796px\" \/><figcaption class=\"wp-element-caption\">Motivos de deserci\u00f3n<\/figcaption><\/figure>\n\n\n\n<p>Sea como sea, la esencia de un lanzamiento es un experimento comercial con una vida \u00fatil de 2 a\u00f1os antes de su transformaci\u00f3n. Nuestra sugerencia es no invertir mucho tiempo y recursos. Investigar y asesorarse antes de legalizar una estructura formal, asegurarse que el proyecto es factible y que la gente quiere y necesita su producto o servicio, m\u00e1s all\u00e1 de las emociones iniciales que pueden tenerse los formadores de proyecto.<\/p>\n\n\n\n<h3 class=\"wp-block-heading\">Recursos t\u00e9cnicos y profesionales especializados.<\/h3>\n\n\n\n<p>Esto suele sonar como algo costoso al principio, si bien es cierto que no se puede iniciar un negocio sin invertir tiempo, capital humano y recursos financieros, la tendencia est\u00e1 ligada a que los propios formadores sean los que realizan todas las actividades iniciales.<\/p>\n\n\n\n<p>Sin embargo, es en este sentido donde se debe tener mucho cuidado, la administraci\u00f3n no es solo sumar y restar, es la capacidad de planificar, organizar, controlar y dirigir con t\u00e9cnicas y metodolog\u00edas desde el principio el propio tiempo, c\u00f3mo se investiga y por qu\u00e9.<\/p>\n\n\n\n<p>La experiencia nos puede orientar y ayudar a enfocarnos en lo que es factible a nuestro presupuesto, por eso los invitamos a <a href=\"https:\/\/nauvemix.com\/rrpp\/contactos\/\">NAE<\/a>. Solicite una Asesor\u00eda T\u00e9cnica especializada gratuita para Soporte con Chat <a href=\"https:\/\/chat.whatsapp.com\/LHofyvGbehcJOngvmC47nn\" target=\"_blank\" rel=\"noreferrer noopener\"><strong>online<\/strong><\/a> y podr\u00e1 reducir mucho de los costos que deber\u00e1 realizar para iniciar en cualquiera de las opciones escogidas o reinventar lo que ya tiene en cualquier parte del mundo.<\/p>\n\n\n\n<p>NAE ofrece variados servicios, administraci\u00f3n, tecnolog\u00edas y formaci\u00f3n profesional, individual o integral, adem\u00e1s de contar con plataformas, sistemas y servidores independientes para desarrollar y podr\u00e1 comprobar por usted mismo la continuidad de su modelo de negocios con ayuda en tiempo real. Vis\u00edtanos.<\/p>\n","protected":false},"excerpt":{"rendered":"<p>Las tendencias de la globalizaci\u00f3n del mercado han dado origen desde 2012 a numerosas organizaciones a nivel mundial vinculadas a las Startups y a los emprendimientos, pero, cu\u00e1l es la diferencia entre los t\u00e9rminos y qu\u00e9 puede ayudarnos a decidir hacia d\u00f3nde inclinarnos a la hora de generar beneficios y rentabilidad con la opci\u00f3n m\u00e1s [&hellip;]<\/p>\n","protected":false},"author":1,"featured_media":1398,"parent":0,"menu_order":0,"comment_status":"closed","ping_status":"closed","template":"","meta":{"footnotes":""},"class_list":["post-60","page","type-page","status-publish","has-post-thumbnail","hentry"],"blocksy_meta":{"styles_descriptor":{"styles":{"desktop":"","tablet":"","mobile":""},"google_fonts":[],"version":6}},"yoast_head":"<!-- This site is optimized with the Yoast SEO plugin v27.4 - https:\/\/yoast.com\/product\/yoast-seo-wordpress\/ -->\n<title>NAUVEMIX Intelligent solutions - StartUp y Emprendimientos<\/title>\n<meta name=\"description\" content=\"La globalizaci\u00f3n del mercado han dado origen desde 2012 a numerosas organizaciones a nivel mundial vinculadas a las Startups\" \/>\n<meta name=\"robots\" content=\"index, follow, max-snippet:-1, max-image-preview:large, max-video-preview:-1\" \/>\n<link rel=\"canonical\" href=\"https:\/\/nauvemix.com\/rrpp\/inicio\/\" \/>\n<meta property=\"og:locale\" content=\"es_ES\" \/>\n<meta property=\"og:type\" content=\"article\" \/>\n<meta property=\"og:title\" content=\"NAUVEMIX Intelligent solutions - StartUp y Emprendimientos\" \/>\n<meta property=\"og:description\" content=\"La globalizaci\u00f3n del mercado han dado origen desde 2012 a numerosas organizaciones a nivel mundial vinculadas a las Startups\" \/>\n<meta property=\"og:url\" content=\"https:\/\/nauvemix.com\/rrpp\/inicio\/\" \/>\n<meta property=\"og:site_name\" content=\"NAUVEMIX Intelligent solutions\" \/>\n<meta property=\"article:modified_time\" content=\"2026-03-28T23:18:20+00:00\" \/>\n<meta property=\"og:image\" content=\"https:\/\/nauvemix.com\/rrpp\/wp-content\/uploads\/startup.jpg\" \/>\n\t<meta property=\"og:image:width\" content=\"1920\" \/>\n\t<meta property=\"og:image:height\" content=\"1080\" \/>\n\t<meta property=\"og:image:type\" content=\"image\/jpeg\" \/>\n<meta name=\"twitter:card\" content=\"summary_large_image\" \/>\n<meta name=\"twitter:label1\" content=\"Tiempo de lectura\" \/>\n\t<meta name=\"twitter:data1\" content=\"5 minutos\" \/>\n<script type=\"application\/ld+json\" class=\"yoast-schema-graph\">{\"@context\":\"https:\\\/\\\/schema.org\",\"@graph\":[{\"@type\":\"WebPage\",\"@id\":\"https:\\\/\\\/nauvemix.com\\\/rrpp\\\/inicio\\\/\",\"url\":\"https:\\\/\\\/nauvemix.com\\\/rrpp\\\/inicio\\\/\",\"name\":\"NAUVEMIX Intelligent solutions - StartUp y Emprendimientos\",\"isPartOf\":{\"@id\":\"https:\\\/\\\/nauvemix.com\\\/rrpp\\\/#website\"},\"primaryImageOfPage\":{\"@id\":\"https:\\\/\\\/nauvemix.com\\\/rrpp\\\/inicio\\\/#primaryimage\"},\"image\":{\"@id\":\"https:\\\/\\\/nauvemix.com\\\/rrpp\\\/inicio\\\/#primaryimage\"},\"thumbnailUrl\":\"https:\\\/\\\/nauvemix.com\\\/rrpp\\\/wp-content\\\/uploads\\\/startup.jpg\",\"datePublished\":\"2023-01-10T13:23:05+00:00\",\"dateModified\":\"2026-03-28T23:18:20+00:00\",\"description\":\"La globalizaci\u00f3n del mercado han dado origen desde 2012 a numerosas organizaciones a nivel mundial vinculadas a las Startups\",\"breadcrumb\":{\"@id\":\"https:\\\/\\\/nauvemix.com\\\/rrpp\\\/inicio\\\/#breadcrumb\"},\"inLanguage\":\"es\",\"potentialAction\":[{\"@type\":\"ReadAction\",\"target\":[\"https:\\\/\\\/nauvemix.com\\\/rrpp\\\/inicio\\\/\"]}]},{\"@type\":\"ImageObject\",\"inLanguage\":\"es\",\"@id\":\"https:\\\/\\\/nauvemix.com\\\/rrpp\\\/inicio\\\/#primaryimage\",\"url\":\"https:\\\/\\\/nauvemix.com\\\/rrpp\\\/wp-content\\\/uploads\\\/startup.jpg\",\"contentUrl\":\"https:\\\/\\\/nauvemix.com\\\/rrpp\\\/wp-content\\\/uploads\\\/startup.jpg\",\"width\":1920,\"height\":1080},{\"@type\":\"BreadcrumbList\",\"@id\":\"https:\\\/\\\/nauvemix.com\\\/rrpp\\\/inicio\\\/#breadcrumb\",\"itemListElement\":[{\"@type\":\"ListItem\",\"position\":1,\"name\":\"Portada\",\"item\":\"https:\\\/\\\/nauvemix.com\\\/rrpp\\\/\"},{\"@type\":\"ListItem\",\"position\":2,\"name\":\"StartUp y Emprendimientos\"}]},{\"@type\":\"WebSite\",\"@id\":\"https:\\\/\\\/nauvemix.com\\\/rrpp\\\/#website\",\"url\":\"https:\\\/\\\/nauvemix.com\\\/rrpp\\\/\",\"name\":\"NAUVEMIX\",\"description\":\"\",\"publisher\":{\"@id\":\"https:\\\/\\\/nauvemix.com\\\/rrpp\\\/#\\\/schema\\\/person\\\/9168ad5e1c79786216aabf940fcedfc9\"},\"alternateName\":\"NAE\",\"potentialAction\":[{\"@type\":\"SearchAction\",\"target\":{\"@type\":\"EntryPoint\",\"urlTemplate\":\"https:\\\/\\\/nauvemix.com\\\/rrpp\\\/?s={search_term_string}\"},\"query-input\":{\"@type\":\"PropertyValueSpecification\",\"valueRequired\":true,\"valueName\":\"search_term_string\"}}],\"inLanguage\":\"es\"},{\"@type\":[\"Person\",\"Organization\"],\"@id\":\"https:\\\/\\\/nauvemix.com\\\/rrpp\\\/#\\\/schema\\\/person\\\/9168ad5e1c79786216aabf940fcedfc9\",\"name\":\"NAUVEMIX\",\"image\":{\"@type\":\"ImageObject\",\"inLanguage\":\"es\",\"@id\":\"https:\\\/\\\/nauvemix.com\\\/rrpp\\\/wp-content\\\/uploads\\\/logo-barra-150.png\",\"url\":\"https:\\\/\\\/nauvemix.com\\\/rrpp\\\/wp-content\\\/uploads\\\/logo-barra-150.png\",\"contentUrl\":\"https:\\\/\\\/nauvemix.com\\\/rrpp\\\/wp-content\\\/uploads\\\/logo-barra-150.png\",\"width\":146,\"height\":70,\"caption\":\"NAUVEMIX\"},\"logo\":{\"@id\":\"https:\\\/\\\/nauvemix.com\\\/rrpp\\\/wp-content\\\/uploads\\\/logo-barra-150.png\"},\"sameAs\":[\"http:\\\/\\\/nauvemix.com\\\/rrpp\",\"https:\\\/\\\/www.instagram.com\\\/serviciosnae\",\"https:\\\/\\\/www.youtube.com\\\/channel\\\/UC-NvCsXlJpHGkuY0noDtZoA\"]}]}<\/script>\n<!-- \/ Yoast SEO plugin. -->","yoast_head_json":{"title":"NAUVEMIX Intelligent solutions - StartUp y Emprendimientos","description":"La globalizaci\u00f3n del mercado han dado origen desde 2012 a numerosas organizaciones a nivel mundial vinculadas a las Startups","robots":{"index":"index","follow":"follow","max-snippet":"max-snippet:-1","max-image-preview":"max-image-preview:large","max-video-preview":"max-video-preview:-1"},"canonical":"https:\/\/nauvemix.com\/rrpp\/inicio\/","og_locale":"es_ES","og_type":"article","og_title":"NAUVEMIX Intelligent solutions - StartUp y Emprendimientos","og_description":"La globalizaci\u00f3n del mercado han dado origen desde 2012 a numerosas organizaciones a nivel mundial vinculadas a las Startups","og_url":"https:\/\/nauvemix.com\/rrpp\/inicio\/","og_site_name":"NAUVEMIX Intelligent solutions","article_modified_time":"2026-03-28T23:18:20+00:00","og_image":[{"width":1920,"height":1080,"url":"https:\/\/nauvemix.com\/rrpp\/wp-content\/uploads\/startup.jpg","type":"image\/jpeg"}],"twitter_card":"summary_large_image","twitter_misc":{"Tiempo de lectura":"5 minutos"},"schema":{"@context":"https:\/\/schema.org","@graph":[{"@type":"WebPage","@id":"https:\/\/nauvemix.com\/rrpp\/inicio\/","url":"https:\/\/nauvemix.com\/rrpp\/inicio\/","name":"NAUVEMIX Intelligent solutions - StartUp y Emprendimientos","isPartOf":{"@id":"https:\/\/nauvemix.com\/rrpp\/#website"},"primaryImageOfPage":{"@id":"https:\/\/nauvemix.com\/rrpp\/inicio\/#primaryimage"},"image":{"@id":"https:\/\/nauvemix.com\/rrpp\/inicio\/#primaryimage"},"thumbnailUrl":"https:\/\/nauvemix.com\/rrpp\/wp-content\/uploads\/startup.jpg","datePublished":"2023-01-10T13:23:05+00:00","dateModified":"2026-03-28T23:18:20+00:00","description":"La globalizaci\u00f3n del mercado han dado origen desde 2012 a numerosas organizaciones a nivel mundial vinculadas a las Startups","breadcrumb":{"@id":"https:\/\/nauvemix.com\/rrpp\/inicio\/#breadcrumb"},"inLanguage":"es","potentialAction":[{"@type":"ReadAction","target":["https:\/\/nauvemix.com\/rrpp\/inicio\/"]}]},{"@type":"ImageObject","inLanguage":"es","@id":"https:\/\/nauvemix.com\/rrpp\/inicio\/#primaryimage","url":"https:\/\/nauvemix.com\/rrpp\/wp-content\/uploads\/startup.jpg","contentUrl":"https:\/\/nauvemix.com\/rrpp\/wp-content\/uploads\/startup.jpg","width":1920,"height":1080},{"@type":"BreadcrumbList","@id":"https:\/\/nauvemix.com\/rrpp\/inicio\/#breadcrumb","itemListElement":[{"@type":"ListItem","position":1,"name":"Portada","item":"https:\/\/nauvemix.com\/rrpp\/"},{"@type":"ListItem","position":2,"name":"StartUp y Emprendimientos"}]},{"@type":"WebSite","@id":"https:\/\/nauvemix.com\/rrpp\/#website","url":"https:\/\/nauvemix.com\/rrpp\/","name":"NAUVEMIX","description":"","publisher":{"@id":"https:\/\/nauvemix.com\/rrpp\/#\/schema\/person\/9168ad5e1c79786216aabf940fcedfc9"},"alternateName":"NAE","potentialAction":[{"@type":"SearchAction","target":{"@type":"EntryPoint","urlTemplate":"https:\/\/nauvemix.com\/rrpp\/?s={search_term_string}"},"query-input":{"@type":"PropertyValueSpecification","valueRequired":true,"valueName":"search_term_string"}}],"inLanguage":"es"},{"@type":["Person","Organization"],"@id":"https:\/\/nauvemix.com\/rrpp\/#\/schema\/person\/9168ad5e1c79786216aabf940fcedfc9","name":"NAUVEMIX","image":{"@type":"ImageObject","inLanguage":"es","@id":"https:\/\/nauvemix.com\/rrpp\/wp-content\/uploads\/logo-barra-150.png","url":"https:\/\/nauvemix.com\/rrpp\/wp-content\/uploads\/logo-barra-150.png","contentUrl":"https:\/\/nauvemix.com\/rrpp\/wp-content\/uploads\/logo-barra-150.png","width":146,"height":70,"caption":"NAUVEMIX"},"logo":{"@id":"https:\/\/nauvemix.com\/rrpp\/wp-content\/uploads\/logo-barra-150.png"},"sameAs":["http:\/\/nauvemix.com\/rrpp","https:\/\/www.instagram.com\/serviciosnae","https:\/\/www.youtube.com\/channel\/UC-NvCsXlJpHGkuY0noDtZoA"]}]}},"_links":{"self":[{"href":"https:\/\/nauvemix.com\/rrpp\/wp-json\/wp\/v2\/pages\/60","targetHints":{"allow":["GET"]}}],"collection":[{"href":"https:\/\/nauvemix.com\/rrpp\/wp-json\/wp\/v2\/pages"}],"about":[{"href":"https:\/\/nauvemix.com\/rrpp\/wp-json\/wp\/v2\/types\/page"}],"author":[{"embeddable":true,"href":"https:\/\/nauvemix.com\/rrpp\/wp-json\/wp\/v2\/users\/1"}],"replies":[{"embeddable":true,"href":"https:\/\/nauvemix.com\/rrpp\/wp-json\/wp\/v2\/comments?post=60"}],"version-history":[{"count":2,"href":"https:\/\/nauvemix.com\/rrpp\/wp-json\/wp\/v2\/pages\/60\/revisions"}],"predecessor-version":[{"id":1880,"href":"https:\/\/nauvemix.com\/rrpp\/wp-json\/wp\/v2\/pages\/60\/revisions\/1880"}],"wp:featuredmedia":[{"embeddable":true,"href":"https:\/\/nauvemix.com\/rrpp\/wp-json\/wp\/v2\/media\/1398"}],"wp:attachment":[{"href":"https:\/\/nauvemix.com\/rrpp\/wp-json\/wp\/v2\/media?parent=60"}],"curies":[{"name":"wp","href":"https:\/\/api.w.org\/{rel}","templated":true}]}}