{"id":59,"date":"2020-06-22T18:25:05","date_gmt":"2020-06-22T18:25:05","guid":{"rendered":"https:\/\/serviciosnae.com.ve\/?page_id=19"},"modified":"2025-12-23T13:28:59","modified_gmt":"2025-12-23T17:28:59","slug":"aviso-legal","status":"publish","type":"page","link":"https:\/\/nauvemix.com\/rrpp\/aviso-legal\/","title":{"rendered":"Aviso Legal"},"content":{"rendered":"<h2 style=\"text-align: center;\">T\u00e9rminos y Condiciones<\/h2>\n<h2><\/h2>\n<div align=\"justify\">\n<h3><strong>Aviso Legal &#8211; Venezuela<\/strong><\/h3>\n<p>NAE debidamente inscrita en el Registro Mercantil Segundo de la Circunscripci\u00f3n Judicial del Estado Anzo\u00e1tegui, Venezuela, haciendo part\u00edcipes a sus usuarios y en cumplimiento de la legislaci\u00f3n venezolana existente llevada a cabo por el Ministerio del Poder Popular para la Ciencia, Tecnolog\u00eda e Innovaci\u00f3n, considera los siguientes T\u00e9rminos y Condiciones aplicados al uso de todos los Servicios presentados por NAE, su Sitio Oficial <a href=\"https:\/\/nauvemix.com\" target=\"_blank\" rel=\"noopener\">www.nauvemix.com<\/a>\u00a0y sus relacionados canales sociales; que enlazan directamente, siendo parte integral de comunicaci\u00f3n y transacci\u00f3n entre usted y nosotros.<\/p>\n<p>La direcci\u00f3n web oficial de acceso al sitio la mencionada anteriormente, siendo posible verificar la barra de direcci\u00f3n en el navegador y desde all\u00ed a sus relacionados, o ingresando directamente en cada uno de \u00e9stos. Igualmente, el n\u00famero de registro para facturaci\u00f3n legal de acuerdo a normativa del SENIAT, ente venezolano encargado de la fiscalizaci\u00f3n y que funge obligatoriamente para realizar cualquier transacci\u00f3n comercial, puede solicitarlo escribiendo a nuestro correo de <strong>Atenci\u00f3n al Cliente<\/strong> v\u00eda WhatsApp (<strong><a href=\"https:\/\/chat.whatsapp.com\/LHofyvGbehcJOngvmC47nn\" target=\"_blank\" rel=\"noopener noreferrer\">aqu\u00ed<\/a><\/strong>) puede consultar la legalidad del mismo en www.seniat.gob.ve.<\/p>\n<p>Queda entendido que utilizar nuestros sistemas y\/o registrarse en los mismos, usted acepta estos T\u00e9rminos al igual que el uso que le daremos a su informaci\u00f3n y datos suministrados para ser validados y verificados con el fin de darle acceso de tal manera que pueda adquirir alg\u00fan producto y\/o servicio con seguridad. Aseguramos que no se toma sus datos para propagaci\u00f3n de los mismos ni crear spam o correo no deseado. Todos y cada uno de los productos y servicios ofrecidos son propiedad de NAE, no intervenimos entre usted y alg\u00fan otro proveedor, salvo productos de distribuci\u00f3n directamente otorgado por los proveedores permitidos y autorizados en el caso que aplique, servicios de etiqueta blanca y procesamiento. Ofrecemos la garant\u00eda v\u00e1lida por el tiempo del fabricante, servicios y\/o procesos contratado y efectivamente pagado, usted acepta que las im\u00e1genes de los productos y servicios pueden ser referenciales, conforme se se\u00f1ala en la descripci\u00f3n. Los precios y existencias pueden variar sin previo aviso, asegur\u00e1ndose la compra al haberse confirmado la orden, realizado el pago y confirmado el mismo por los medios previstos, esto le permitir\u00e1 mantener el precio.<\/p>\n<ul>\n<li><strong>Servicios de Administraci\u00f3n y Oficinas.<\/strong><\/li>\n<\/ul>\n<p>Todos estos servicios son previa reserva y pagos anticipados, puede solicitar demostraciones al registrarse en el Sistema. La obligaci\u00f3n del servicio es suministrar a trav\u00e9s de un Contrato de Servicio de Administraci\u00f3n y\/o Servicio, lo que a\u00f1ade valor agregado en equipamiento, mantenimiento y seguridad por valor, d\u00eda, hora contratada. En caso de Propiedades quedan sin efecto al no recibir el pago correspondiente y de acuerdo al Plan de Contrataci\u00f3n y Equipamiento. Los servicios de Oficinas, Administraci\u00f3n, XAE, Project incluye estudios de evaluaci\u00f3n y de acuerdo a las necesidades reales del Cliente, pudiendo ser utilizado en Valor-D\u00eda-Hora.<\/p>\n<ul>\n<li><strong>\u00a0Procura y Log\u00edstica.<\/strong><\/li>\n<\/ul>\n<p>Otros servicios son considerados en esta \u00e1rea y pueden ser individuales, grupales y representan valor agregado en la prestaci\u00f3n de un servicio. Recursos Humanos. Suministros. Mantenimiento.<\/p>\n<ul>\n<li><strong>Internet y Servidores.<\/strong><\/li>\n<\/ul>\n<p>Incluye toda una gama de servicios tecnol\u00f3gicos presentes en la web y en servidores personalizados con o sin conexi\u00f3n e intranet. Algunos de estos servicios exigen cumplir con los est\u00e1ndares de propagaci\u00f3n y seguridad para lograr la satisfacci\u00f3n requerida por el cliente. \u00c9ste conserva todo el derecho de acceso a los servicios de acuerdo al monto contratado. El cliente tiene el derecho de retirarse en cualquier momento y deber\u00e1 pagar adicional en el caso que aplique gastos administrativos generados por la interrupci\u00f3n del servicio.<\/p>\n<ul>\n<li><strong>\u00a0Software.<\/strong><\/li>\n<\/ul>\n<p>Consiste en distribuci\u00f3n o desarrollo autorizado de Software, Sistemas Administrativos, Sistemas Operativos, OEM, Servidores, Licencias, Extensiones, M\u00f3dulos, Proyectos Tecnol\u00f3gicos, Aplicaciones, sea v\u00eda descarga electr\u00f3nica o a trav\u00e9s de medios originales f\u00edsicos de Software, estos pueden a\u00f1adir precio adicional por env\u00edos, gastos de importaci\u00f3n. No distribuimos software ilegal. El usuario final tiene el derecho de su uso de acuerdo a las normas del fabricante. Tambi\u00e9n se ofrece lenguajes de programaci\u00f3n, se rige por el monto contratado, los derechos son conservados por el usuario, no intervenimos en la propagaci\u00f3n de aplicaciones de nuestros clientes sin autorizaci\u00f3n.<\/p>\n<h3><strong>Aviso Legal &#8211; Internacional<\/strong><\/h3>\n<p>NAE hace part\u00edcipe a sus usuarios del cumplimiento de la legislaci\u00f3n internacional existente llevada a cabo por los gobiernos, aplicados al uso de todos los servicios bajo plataforma de Internet prestados por NAE, su Sitio Oficial, pagos y relacionados, se incluye canales sociales y que se enlazan directamente siendo parte integral de comunicaci\u00f3n y transacci\u00f3n. Los sistemas internacionales est\u00e1 en idioma oficial espa\u00f1ol y no oficiales, se permite el ingl\u00e9s en todas nuestras transacciones, la moneda de cambio internacional son; el D\u00f3lar, el Euro y cualquier otra moneda al cambio del Bol\u00edvar de Venezuela bajo legislaci\u00f3n gubernamental, m\u00e1s gastos administrativos y honorarios bajo la legislaci\u00f3n contable de Precios por Transferencia.<\/p>\n<p>Todo lo no expuesto en estos T\u00e9rminos y Condiciones entre NAE y usted se regir\u00e1 por la normativa venezolana existente en primer lugar, seguidamente de la legislaci\u00f3n de cada pa\u00eds donde se realice las operaciones comerciales internacionales, y en pleno cumplimiento de cualquier pa\u00eds de la Uni\u00f3n Europea, el continente Americano y tratados internacionales vigentes contra el lavado de dinero y la financiaci\u00f3n al terrorismo.<\/p>\n<p>Actualizaci\u00f3n: enero 2026<\/p>\n<\/div>\n","protected":false},"excerpt":{"rendered":"<p>T\u00e9rminos y Condiciones Aviso Legal &#8211; Venezuela NAE debidamente inscrita en el Registro Mercantil Segundo de la Circunscripci\u00f3n Judicial del Estado Anzo\u00e1tegui, Venezuela, haciendo part\u00edcipes a sus usuarios y en cumplimiento de la legislaci\u00f3n venezolana existente llevada a cabo por el Ministerio del Poder Popular para la Ciencia, Tecnolog\u00eda e Innovaci\u00f3n, considera los siguientes T\u00e9rminos [&hellip;]<\/p>\n","protected":false},"author":1,"featured_media":0,"parent":0,"menu_order":0,"comment_status":"closed","ping_status":"closed","template":"","meta":{"footnotes":""},"class_list":["post-59","page","type-page","status-publish","hentry"],"blocksy_meta":{"styles_descriptor":{"styles":{"desktop":"","tablet":"","mobile":""},"google_fonts":[],"version":6}},"yoast_head":"<!-- This site is optimized with the Yoast SEO plugin v27.4 - https:\/\/yoast.com\/product\/yoast-seo-wordpress\/ -->\n<title>NAUVEMIX Intelligent solutions - Aviso Legal<\/title>\n<meta name=\"description\" content=\"NAE, profesionales en administraci\u00f3n de servicios y tecnolog\u00edas de negocios, recursos humanos, desarrollo de proyectos, locales y web, ecommerce, marketing. IA y blockchain.\" \/>\n<meta name=\"robots\" content=\"index, follow, max-snippet:-1, max-image-preview:large, max-video-preview:-1\" \/>\n<link rel=\"canonical\" href=\"https:\/\/nauvemix.com\/rrpp\/aviso-legal\/\" \/>\n<meta property=\"og:locale\" content=\"es_ES\" \/>\n<meta property=\"og:type\" content=\"article\" \/>\n<meta property=\"og:title\" content=\"NAUVEMIX Intelligent solutions - Aviso Legal\" \/>\n<meta property=\"og:description\" content=\"NAE, profesionales en administraci\u00f3n de servicios y tecnolog\u00edas de negocios, recursos humanos, desarrollo de proyectos, locales y web, ecommerce, marketing. IA y blockchain.\" \/>\n<meta property=\"og:url\" content=\"https:\/\/nauvemix.com\/rrpp\/aviso-legal\/\" \/>\n<meta property=\"og:site_name\" content=\"NAUVEMIX Intelligent solutions\" \/>\n<meta property=\"article:modified_time\" content=\"2025-12-23T17:28:59+00:00\" \/>\n<meta property=\"og:image\" content=\"https:\/\/nauvemix.com\/rrpp\/wp-content\/uploads\/NAE-200.png\" \/>\n\t<meta property=\"og:image:width\" content=\"200\" \/>\n\t<meta property=\"og:image:height\" content=\"200\" \/>\n\t<meta property=\"og:image:type\" content=\"image\/png\" \/>\n<meta name=\"twitter:card\" content=\"summary_large_image\" \/>\n<meta name=\"twitter:label1\" content=\"Tiempo de lectura\" \/>\n\t<meta name=\"twitter:data1\" content=\"4 minutos\" \/>\n<script type=\"application\/ld+json\" class=\"yoast-schema-graph\">{\"@context\":\"https:\\\/\\\/schema.org\",\"@graph\":[{\"@type\":\"WebPage\",\"@id\":\"https:\\\/\\\/nauvemix.com\\\/rrpp\\\/aviso-legal\\\/\",\"url\":\"https:\\\/\\\/nauvemix.com\\\/rrpp\\\/aviso-legal\\\/\",\"name\":\"NAUVEMIX Intelligent solutions - Aviso Legal\",\"isPartOf\":{\"@id\":\"https:\\\/\\\/nauvemix.com\\\/rrpp\\\/#website\"},\"datePublished\":\"2020-06-22T18:25:05+00:00\",\"dateModified\":\"2025-12-23T17:28:59+00:00\",\"description\":\"NAE, profesionales en administraci\u00f3n de servicios y tecnolog\u00edas de negocios, recursos humanos, desarrollo de proyectos, locales y web, ecommerce, marketing. IA y blockchain.\",\"breadcrumb\":{\"@id\":\"https:\\\/\\\/nauvemix.com\\\/rrpp\\\/aviso-legal\\\/#breadcrumb\"},\"inLanguage\":\"es\",\"potentialAction\":[{\"@type\":\"ReadAction\",\"target\":[\"https:\\\/\\\/nauvemix.com\\\/rrpp\\\/aviso-legal\\\/\"]}]},{\"@type\":\"BreadcrumbList\",\"@id\":\"https:\\\/\\\/nauvemix.com\\\/rrpp\\\/aviso-legal\\\/#breadcrumb\",\"itemListElement\":[{\"@type\":\"ListItem\",\"position\":1,\"name\":\"Portada\",\"item\":\"https:\\\/\\\/nauvemix.com\\\/rrpp\\\/\"},{\"@type\":\"ListItem\",\"position\":2,\"name\":\"Aviso Legal\"}]},{\"@type\":\"WebSite\",\"@id\":\"https:\\\/\\\/nauvemix.com\\\/rrpp\\\/#website\",\"url\":\"https:\\\/\\\/nauvemix.com\\\/rrpp\\\/\",\"name\":\"NAUVEMIX\",\"description\":\"\",\"publisher\":{\"@id\":\"https:\\\/\\\/nauvemix.com\\\/rrpp\\\/#\\\/schema\\\/person\\\/9168ad5e1c79786216aabf940fcedfc9\"},\"alternateName\":\"NAE\",\"potentialAction\":[{\"@type\":\"SearchAction\",\"target\":{\"@type\":\"EntryPoint\",\"urlTemplate\":\"https:\\\/\\\/nauvemix.com\\\/rrpp\\\/?s={search_term_string}\"},\"query-input\":{\"@type\":\"PropertyValueSpecification\",\"valueRequired\":true,\"valueName\":\"search_term_string\"}}],\"inLanguage\":\"es\"},{\"@type\":[\"Person\",\"Organization\"],\"@id\":\"https:\\\/\\\/nauvemix.com\\\/rrpp\\\/#\\\/schema\\\/person\\\/9168ad5e1c79786216aabf940fcedfc9\",\"name\":\"NAUVEMIX\",\"image\":{\"@type\":\"ImageObject\",\"inLanguage\":\"es\",\"@id\":\"https:\\\/\\\/nauvemix.com\\\/rrpp\\\/wp-content\\\/uploads\\\/logo-barra-150.png\",\"url\":\"https:\\\/\\\/nauvemix.com\\\/rrpp\\\/wp-content\\\/uploads\\\/logo-barra-150.png\",\"contentUrl\":\"https:\\\/\\\/nauvemix.com\\\/rrpp\\\/wp-content\\\/uploads\\\/logo-barra-150.png\",\"width\":146,\"height\":70,\"caption\":\"NAUVEMIX\"},\"logo\":{\"@id\":\"https:\\\/\\\/nauvemix.com\\\/rrpp\\\/wp-content\\\/uploads\\\/logo-barra-150.png\"},\"sameAs\":[\"http:\\\/\\\/nauvemix.com\\\/rrpp\",\"https:\\\/\\\/www.instagram.com\\\/serviciosnae\",\"https:\\\/\\\/www.youtube.com\\\/channel\\\/UC-NvCsXlJpHGkuY0noDtZoA\"]}]}<\/script>\n<!-- \/ Yoast SEO plugin. -->","yoast_head_json":{"title":"NAUVEMIX Intelligent solutions - Aviso Legal","description":"NAE, profesionales en administraci\u00f3n de servicios y tecnolog\u00edas de negocios, recursos humanos, desarrollo de proyectos, locales y web, ecommerce, marketing. IA y blockchain.","robots":{"index":"index","follow":"follow","max-snippet":"max-snippet:-1","max-image-preview":"max-image-preview:large","max-video-preview":"max-video-preview:-1"},"canonical":"https:\/\/nauvemix.com\/rrpp\/aviso-legal\/","og_locale":"es_ES","og_type":"article","og_title":"NAUVEMIX Intelligent solutions - Aviso Legal","og_description":"NAE, profesionales en administraci\u00f3n de servicios y tecnolog\u00edas de negocios, recursos humanos, desarrollo de proyectos, locales y web, ecommerce, marketing. IA y blockchain.","og_url":"https:\/\/nauvemix.com\/rrpp\/aviso-legal\/","og_site_name":"NAUVEMIX Intelligent solutions","article_modified_time":"2025-12-23T17:28:59+00:00","og_image":[{"width":200,"height":200,"url":"https:\/\/nauvemix.com\/rrpp\/wp-content\/uploads\/NAE-200.png","type":"image\/png"}],"twitter_card":"summary_large_image","twitter_misc":{"Tiempo de lectura":"4 minutos"},"schema":{"@context":"https:\/\/schema.org","@graph":[{"@type":"WebPage","@id":"https:\/\/nauvemix.com\/rrpp\/aviso-legal\/","url":"https:\/\/nauvemix.com\/rrpp\/aviso-legal\/","name":"NAUVEMIX Intelligent solutions - Aviso Legal","isPartOf":{"@id":"https:\/\/nauvemix.com\/rrpp\/#website"},"datePublished":"2020-06-22T18:25:05+00:00","dateModified":"2025-12-23T17:28:59+00:00","description":"NAE, profesionales en administraci\u00f3n de servicios y tecnolog\u00edas de negocios, recursos humanos, desarrollo de proyectos, locales y web, ecommerce, marketing. IA y blockchain.","breadcrumb":{"@id":"https:\/\/nauvemix.com\/rrpp\/aviso-legal\/#breadcrumb"},"inLanguage":"es","potentialAction":[{"@type":"ReadAction","target":["https:\/\/nauvemix.com\/rrpp\/aviso-legal\/"]}]},{"@type":"BreadcrumbList","@id":"https:\/\/nauvemix.com\/rrpp\/aviso-legal\/#breadcrumb","itemListElement":[{"@type":"ListItem","position":1,"name":"Portada","item":"https:\/\/nauvemix.com\/rrpp\/"},{"@type":"ListItem","position":2,"name":"Aviso Legal"}]},{"@type":"WebSite","@id":"https:\/\/nauvemix.com\/rrpp\/#website","url":"https:\/\/nauvemix.com\/rrpp\/","name":"NAUVEMIX","description":"","publisher":{"@id":"https:\/\/nauvemix.com\/rrpp\/#\/schema\/person\/9168ad5e1c79786216aabf940fcedfc9"},"alternateName":"NAE","potentialAction":[{"@type":"SearchAction","target":{"@type":"EntryPoint","urlTemplate":"https:\/\/nauvemix.com\/rrpp\/?s={search_term_string}"},"query-input":{"@type":"PropertyValueSpecification","valueRequired":true,"valueName":"search_term_string"}}],"inLanguage":"es"},{"@type":["Person","Organization"],"@id":"https:\/\/nauvemix.com\/rrpp\/#\/schema\/person\/9168ad5e1c79786216aabf940fcedfc9","name":"NAUVEMIX","image":{"@type":"ImageObject","inLanguage":"es","@id":"https:\/\/nauvemix.com\/rrpp\/wp-content\/uploads\/logo-barra-150.png","url":"https:\/\/nauvemix.com\/rrpp\/wp-content\/uploads\/logo-barra-150.png","contentUrl":"https:\/\/nauvemix.com\/rrpp\/wp-content\/uploads\/logo-barra-150.png","width":146,"height":70,"caption":"NAUVEMIX"},"logo":{"@id":"https:\/\/nauvemix.com\/rrpp\/wp-content\/uploads\/logo-barra-150.png"},"sameAs":["http:\/\/nauvemix.com\/rrpp","https:\/\/www.instagram.com\/serviciosnae","https:\/\/www.youtube.com\/channel\/UC-NvCsXlJpHGkuY0noDtZoA"]}]}},"_links":{"self":[{"href":"https:\/\/nauvemix.com\/rrpp\/wp-json\/wp\/v2\/pages\/59","targetHints":{"allow":["GET"]}}],"collection":[{"href":"https:\/\/nauvemix.com\/rrpp\/wp-json\/wp\/v2\/pages"}],"about":[{"href":"https:\/\/nauvemix.com\/rrpp\/wp-json\/wp\/v2\/types\/page"}],"author":[{"embeddable":true,"href":"https:\/\/nauvemix.com\/rrpp\/wp-json\/wp\/v2\/users\/1"}],"replies":[{"embeddable":true,"href":"https:\/\/nauvemix.com\/rrpp\/wp-json\/wp\/v2\/comments?post=59"}],"version-history":[{"count":0,"href":"https:\/\/nauvemix.com\/rrpp\/wp-json\/wp\/v2\/pages\/59\/revisions"}],"wp:attachment":[{"href":"https:\/\/nauvemix.com\/rrpp\/wp-json\/wp\/v2\/media?parent=59"}],"curies":[{"name":"wp","href":"https:\/\/api.w.org\/{rel}","templated":true}]}}