{"id":513,"date":"2020-06-25T08:54:04","date_gmt":"2020-06-25T12:54:04","guid":{"rendered":"https:\/\/serviciosnae.com.ve\/?page_id=513"},"modified":"2026-03-31T19:44:36","modified_gmt":"2026-03-31T23:44:36","slug":"servicios-para-empresas","status":"publish","type":"page","link":"https:\/\/nauvemix.com\/rrpp\/servicios-para-empresas\/","title":{"rendered":"Empresas"},"content":{"rendered":"\n<h3 class=\"wp-block-heading\">Aplicable a cualquier tipo de&nbsp;<strong>planificaci\u00f3n de negocios,&nbsp;<\/strong>comercios, web, empresas, oficinas y negocios personales.<\/h3>\n\n\n\n<p>NAE conociendo las necesidades de sus clientes, comercializa nuevos recursos que apuntalan el \u00e9xito de las empresas mediante ideas, m\u00e9todos, estructuras innovadoras, adem\u00e1s de nuevos productos o servicios que son los principales impulsores del crecimiento organizacional y econ\u00f3mico.<\/p>\n\n\n\n<div class=\"wp-block-buttons is-content-justification-center is-layout-flex wp-container-core-buttons-is-layout-a89b3969 wp-block-buttons-is-layout-flex\">\n<div class=\"wp-block-button\"><a class=\"wp-block-button__link has-very-dark-gray-background-color has-background wp-element-button\" href=\"https:\/\/chat.whatsapp.com\/LHofyvGbehcJOngvmC47nn\" style=\"border-radius:10px\" target=\"_blank\" rel=\"noreferrer noopener\">Comienza ahora!<\/a><\/div>\n<\/div>\n\n\n\n<h3 class=\"wp-block-heading has-text-align-center\">SERVICIOS PARA EMPRESAS Y NEGOCIOS<\/h3>\n\n\n\n<p>En un mundo donde las necesidades del cliente son cada vez m\u00e1s sofisticadas, la innovaci\u00f3n, la creatividad y la estrategia se han convertido en una cuesti\u00f3n fundamental para el crecimiento y la prosperidad a nivel corporativo y se reconoce como una fuente de vitalidad y ventaja competitiva.<\/p>\n\n\n\n<h3 class=\"wp-block-heading has-text-align-center\">Programaci\u00f3n y sistemas<\/h3>\n\n\n\n<h5 class=\"wp-block-heading\">Caracter\u00edsticas y beneficios<\/h5>\n\n\n\n<p>Maquetaci\u00f3n, dise\u00f1o, programaci\u00f3n actualizada bajo diversos sistemas y lenguajes de programaci\u00f3n. Nos especializamos en el desarrollo y mantenimiento de software y programas de bajo y alto rendimiento.<\/p>\n\n\n\n<div class=\"wp-block-columns is-layout-flex wp-container-core-columns-is-layout-28f84493 wp-block-columns-is-layout-flex\">\n<div class=\"wp-block-column is-layout-flow wp-block-column-is-layout-flow\">\n<ul class=\"wp-block-list\">\n<li>Base de Datos: PostgreSQL, MySQL, SQL, Oracle, Firebase (Server-side and Desktop, Linux, and Windows).<\/li>\n\n\n\n<li>Lenguajes y programaci\u00f3n: Python, C++, Rust, AI, JS, PHP, Java, .NET (ASP), HTML5\/CSS3, and Visual Basic.<\/li>\n\n\n\n<li>Web Development.<\/li>\n\n\n\n<li>E-commerce.<\/li>\n<\/ul>\n<\/div>\n\n\n\n<div class=\"wp-block-column is-layout-flow wp-block-column-is-layout-flow\">\n<figure class=\"wp-block-image size-large\"><img decoding=\"async\" src=\"https:\/\/nauvemix.com\/rrpp\/wp-content\/uploads\/business1-1024x576.jpg\" alt=\"\"\/><\/figure>\n<\/div>\n<\/div>\n\n\n\n<div class=\"wp-block-columns is-layout-flex wp-container-core-columns-is-layout-28f84493 wp-block-columns-is-layout-flex\">\n<div class=\"wp-block-column is-layout-flow wp-block-column-is-layout-flow\">\n<h6 class=\"wp-block-heading\">PROGRAMMING<\/h6>\n\n\n\n<p>Programaci\u00f3n y sistemas personalizados y adaptados a su presupuesto.<\/p>\n<\/div>\n\n\n\n<div class=\"wp-block-column is-layout-flow wp-block-column-is-layout-flow\">\n<h6 class=\"wp-block-heading\">TECNOLOGIA<\/h6>\n\n\n\n<p>Plataformas y sistemas disponibles, privativas, open source o desarrollo propio.<\/p>\n<\/div>\n<\/div>\n\n\n\n<h3 class=\"wp-block-heading has-text-align-center\">XAE 3.0<\/h3>\n\n\n\n<h5 class=\"wp-block-heading\">Caracter\u00edsticas y beneficios<\/h5>\n\n\n\n<p>Tecnolog\u00eda de sistema en administraci\u00f3n y servicios para empresas, basado en desarrollo web, servidores y desktop.<\/p>\n\n\n\n<p>Integra sistemas administrativos y servicios, basado en desarrollo web y servidores. Sin perder datos, sin llevar m\u00e1s carpetas, con acceso a Internet desde PC o m\u00f3vil. An\u00e1lisis de sistemas estrat\u00e9gicos de negocio.<\/p>\n\n\n\n<p>Su negocio contar\u00e1 con la integraci\u00f3n de sus sistemas (hasta el monto contratado) en Internet, servidor, correos, redes sociales y p\u00e1gina web con administraci\u00f3n de NAE.<\/p>\n\n\n\n<div class=\"wp-block-columns is-layout-flex wp-container-core-columns-is-layout-28f84493 wp-block-columns-is-layout-flex\">\n<div class=\"wp-block-column is-layout-flow wp-block-column-is-layout-flow\">\n<ul class=\"wp-block-list\">\n<li>Instalaci\u00f3n y configuraci\u00f3n.<\/li>\n\n\n\n<li>Administraci\u00f3n y mantenimiento.<\/li>\n<\/ul>\n<\/div>\n\n\n\n<div class=\"wp-block-column is-layout-flow wp-block-column-is-layout-flow\">\n<figure class=\"wp-block-image aligncenter size-large\"><img decoding=\"async\" src=\"https:\/\/nauvemix.com\/rrpp\/wp-content\/uploads\/logo_xae-228x228-2.jpg\" alt=\"\" style=\"aspect-ratio:16\/9;object-fit:cover\"\/><\/figure>\n<\/div>\n<\/div>\n\n\n\n<div class=\"wp-block-columns is-layout-flex wp-container-core-columns-is-layout-28f84493 wp-block-columns-is-layout-flex\">\n<div class=\"wp-block-column is-layout-flow wp-block-column-is-layout-flow\">\n<h6 class=\"wp-block-heading\">SERVIDOR<\/h6>\n\n\n\n<p>Sistemas y plataformas ajustadas a sus necesidades puntuales.<\/p>\n<\/div>\n\n\n\n<div class=\"wp-block-column is-layout-flow wp-block-column-is-layout-flow\">\n<h6 class=\"wp-block-heading\">SOPORTE<\/h6>\n\n\n\n<p>No necesita aprender programaci\u00f3n y configuraci\u00f3n.<\/p>\n<\/div>\n<\/div>\n\n\n\n<h3 class=\"wp-block-heading has-text-align-center\">Proyectos<\/h3>\n\n\n\n<h5 class=\"wp-block-heading\">Caracter\u00edsticas y beneficios<\/h5>\n\n\n\n<p>Un equipo completo de planificaci\u00f3n, dise\u00f1o, administraci\u00f3n y control de proyectos con estructura e investigaci\u00f3n de factibilidad al punto de equilibrio m\u00e1s beneficioso para el cliente, asegurando desde las herramientas b\u00e1sicas, hasta la puesta en marcha. \u00bfEs su idea factible?<\/p>\n\n\n\n<p>Reduzca p\u00e9rdidas de tiempo y dinero desde el principio minimizando la incertidumbre del entorno. Cuente con indicadores, valores y movimientos de riesgo a nivel estandarizado nacional e internacional.<\/p>\n\n\n\n<div class=\"wp-block-columns is-layout-flex wp-container-core-columns-is-layout-28f84493 wp-block-columns-is-layout-flex\">\n<div class=\"wp-block-column is-layout-flow wp-block-column-is-layout-flow\">\n<ul class=\"wp-block-list\">\n<li>Planificaci\u00f3n, direcci\u00f3n y control.<\/li>\n\n\n\n<li>Administraci\u00f3n presupuestaria<\/li>\n\n\n\n<li>Administrador de contratos.<\/li>\n<\/ul>\n<\/div>\n\n\n\n<div class=\"wp-block-column is-layout-flow wp-block-column-is-layout-flow\">\n<figure class=\"wp-block-image alignleft size-large\"><img decoding=\"async\" src=\"https:\/\/nauvemix.com\/rrpp\/wp-content\/uploads\/adm-356x200-1.jpg\" alt=\"\" style=\"aspect-ratio:16\/9;object-fit:cover\"\/><\/figure>\n<\/div>\n<\/div>\n\n\n\n<div class=\"wp-block-columns is-layout-flex wp-container-core-columns-is-layout-28f84493 wp-block-columns-is-layout-flex\">\n<div class=\"wp-block-column is-layout-flow wp-block-column-is-layout-flow\">\n<h6 class=\"wp-block-heading\">ADMINISTRACION<\/h6>\n\n\n\n<p>Reduce los costos y los plazos de los proyectos y por ende refleja mejores resultados econ\u00f3micos.<\/p>\n<\/div>\n\n\n\n<div class=\"wp-block-column is-layout-flow wp-block-column-is-layout-flow\">\n<h6 class=\"wp-block-heading\">RECURSOS HUMANOS<\/h6>\n\n\n\n<p>Multidisciplinario con destrezas, habilidades personales, t\u00e9cnicas y conocimientos adecuados relacionadas al Contrato.<\/p>\n<\/div>\n<\/div>\n\n\n\n<p><\/p>\n\n\n\n<h3 class=\"wp-block-heading has-text-align-center\">Productos y Servicios<\/h3>\n\n\n\n<p class=\"has-text-align-center\">Peter Drucker, se\u00f1al\u00f3 que \u00abla innovaci\u00f3n es la herramienta clave de los empresarios, el medio por el cual se aprovechan los cambios como una oportunidad\u00bb.<\/p>\n\n\n\n<div class=\"wp-block-columns is-layout-flex wp-container-core-columns-is-layout-28f84493 wp-block-columns-is-layout-flex\">\n<div class=\"wp-block-column is-layout-flow wp-block-column-is-layout-flow\">\n<figure class=\"wp-block-image size-large\"><img loading=\"lazy\" decoding=\"async\" width=\"1024\" height=\"576\" src=\"https:\/\/nauvemix.com\/rrpp\/wp-content\/uploads\/business1-1024x576.jpg\" alt=\"\" class=\"wp-image-967\" srcset=\"https:\/\/nauvemix.com\/rrpp\/wp-content\/uploads\/business1-1024x576.jpg 1024w, https:\/\/nauvemix.com\/rrpp\/wp-content\/uploads\/business1-300x169.jpg 300w, https:\/\/nauvemix.com\/rrpp\/wp-content\/uploads\/business1-768x432.jpg 768w, https:\/\/nauvemix.com\/rrpp\/wp-content\/uploads\/business1-1536x864.jpg 1536w, https:\/\/nauvemix.com\/rrpp\/wp-content\/uploads\/business1.jpg 1920w\" sizes=\"auto, (max-width: 1024px) 100vw, 1024px\" \/><\/figure>\n<\/div>\n\n\n\n<div class=\"wp-block-column is-layout-flow wp-block-column-is-layout-flow\">\n<figure class=\"wp-block-image size-large\"><img loading=\"lazy\" decoding=\"async\" width=\"1024\" height=\"576\" src=\"https:\/\/nauvemix.com\/rrpp\/wp-content\/uploads\/slider66-1024x576.jpg\" alt=\"\" class=\"wp-image-974\" srcset=\"https:\/\/nauvemix.com\/rrpp\/wp-content\/uploads\/slider66-1024x576.jpg 1024w, https:\/\/nauvemix.com\/rrpp\/wp-content\/uploads\/slider66-300x169.jpg 300w, https:\/\/nauvemix.com\/rrpp\/wp-content\/uploads\/slider66-768x432.jpg 768w, https:\/\/nauvemix.com\/rrpp\/wp-content\/uploads\/slider66-1536x864.jpg 1536w, https:\/\/nauvemix.com\/rrpp\/wp-content\/uploads\/slider66.jpg 1920w\" sizes=\"auto, (max-width: 1024px) 100vw, 1024px\" \/><\/figure>\n<\/div>\n<\/div>\n\n\n\n<div class=\"wp-block-columns is-layout-flex wp-container-core-columns-is-layout-28f84493 wp-block-columns-is-layout-flex\">\n<div class=\"wp-block-column is-layout-flow wp-block-column-is-layout-flow\">\n<figure class=\"wp-block-image size-large\"><img loading=\"lazy\" decoding=\"async\" width=\"1024\" height=\"576\" src=\"https:\/\/nauvemix.com\/rrpp\/wp-content\/uploads\/tdc4-1024x576.jpg\" alt=\"\" class=\"wp-image-976\" srcset=\"https:\/\/nauvemix.com\/rrpp\/wp-content\/uploads\/tdc4-1024x576.jpg 1024w, https:\/\/nauvemix.com\/rrpp\/wp-content\/uploads\/tdc4-300x169.jpg 300w, https:\/\/nauvemix.com\/rrpp\/wp-content\/uploads\/tdc4-768x432.jpg 768w, https:\/\/nauvemix.com\/rrpp\/wp-content\/uploads\/tdc4-1536x864.jpg 1536w, https:\/\/nauvemix.com\/rrpp\/wp-content\/uploads\/tdc4.jpg 1920w\" sizes=\"auto, (max-width: 1024px) 100vw, 1024px\" \/><\/figure>\n<\/div>\n\n\n\n<div class=\"wp-block-column is-layout-flow wp-block-column-is-layout-flow\">\n<figure class=\"wp-block-image size-large\"><img loading=\"lazy\" decoding=\"async\" width=\"1024\" height=\"576\" src=\"https:\/\/nauvemix.com\/rrpp\/wp-content\/uploads\/trading-1024x576.jpg\" alt=\"\" class=\"wp-image-900\" srcset=\"https:\/\/nauvemix.com\/rrpp\/wp-content\/uploads\/trading-1024x576.jpg 1024w, https:\/\/nauvemix.com\/rrpp\/wp-content\/uploads\/trading-300x169.jpg 300w, https:\/\/nauvemix.com\/rrpp\/wp-content\/uploads\/trading-768x432.jpg 768w, https:\/\/nauvemix.com\/rrpp\/wp-content\/uploads\/trading-1536x864.jpg 1536w, https:\/\/nauvemix.com\/rrpp\/wp-content\/uploads\/trading.jpg 1920w\" sizes=\"auto, (max-width: 1024px) 100vw, 1024px\" \/><\/figure>\n<\/div>\n<\/div>\n\n\n\n<h3 class=\"wp-block-heading has-text-align-center\">Cont\u00e1ctenos<\/h3>\n\n\n\n<p class=\"has-text-align-center\">Con Internet extendiendo el fuego y alcanzando cada parte de nuestra vida diaria, m\u00e1s y m\u00e1s tr\u00e1fico se dirige a la b\u00fasqueda de informaci\u00f3n de negocios. Vaya adelante de sus competidores<\/p>\n\n\n\n<div class=\"wp-block-buttons is-content-justification-center is-layout-flex wp-container-core-buttons-is-layout-a89b3969 wp-block-buttons-is-layout-flex\">\n<div class=\"wp-block-button\"><a class=\"wp-block-button__link has-very-dark-gray-background-color has-background wp-element-button\" href=\"https:\/\/chat.whatsapp.com\/LHofyvGbehcJOngvmC47nn\" style=\"border-radius:10px\" target=\"_blank\" rel=\"noreferrer noopener\">WhatsApp<\/a><\/div>\n<\/div>\n\n\n\n<p><\/p>\n","protected":false},"excerpt":{"rendered":"<p>Aplicable a cualquier tipo de&nbsp;planificaci\u00f3n de negocios,&nbsp;comercios, web, empresas, oficinas y negocios personales. NAE conociendo las necesidades de sus clientes, comercializa nuevos recursos que apuntalan el \u00e9xito de las empresas mediante ideas, m\u00e9todos, estructuras innovadoras, adem\u00e1s de nuevos productos o servicios que son los principales impulsores del crecimiento organizacional y econ\u00f3mico. SERVICIOS PARA EMPRESAS Y [&hellip;]<\/p>\n","protected":false},"author":1,"featured_media":793,"parent":0,"menu_order":0,"comment_status":"closed","ping_status":"closed","template":"","meta":{"footnotes":""},"class_list":["post-513","page","type-page","status-publish","has-post-thumbnail","hentry"],"blocksy_meta":{"styles_descriptor":{"styles":{"desktop":"","tablet":"","mobile":""},"google_fonts":[],"version":6}},"yoast_head":"<!-- This site is optimized with the Yoast SEO plugin v27.4 - https:\/\/yoast.com\/product\/yoast-seo-wordpress\/ -->\n<title>NAUVEMIX Intelligent solutions - Empresas<\/title>\n<meta name=\"description\" content=\"Tecnolog\u00eda de sistema en Administraci\u00f3n y servicios para empresas, basado en desarrollo web, servidores y desktop...sistemas y lenguajes programaci\u00f3n\" \/>\n<meta name=\"robots\" content=\"index, follow, max-snippet:-1, max-image-preview:large, max-video-preview:-1\" \/>\n<link rel=\"canonical\" href=\"https:\/\/nauvemix.com\/rrpp\/servicios-para-empresas\/\" \/>\n<meta property=\"og:locale\" content=\"es_ES\" \/>\n<meta property=\"og:type\" content=\"article\" \/>\n<meta property=\"og:title\" content=\"NAUVEMIX Intelligent solutions - Empresas\" \/>\n<meta property=\"og:description\" content=\"Tecnolog\u00eda de sistema en Administraci\u00f3n y servicios para empresas, basado en desarrollo web, servidores y desktop...sistemas y lenguajes programaci\u00f3n\" \/>\n<meta property=\"og:url\" content=\"https:\/\/nauvemix.com\/rrpp\/servicios-para-empresas\/\" \/>\n<meta property=\"og:site_name\" content=\"NAUVEMIX Intelligent solutions\" \/>\n<meta property=\"article:modified_time\" content=\"2026-03-31T23:44:36+00:00\" \/>\n<meta property=\"og:image\" content=\"https:\/\/nauvemix.com\/rrpp\/wp-content\/uploads\/support1.jpg\" \/>\n\t<meta property=\"og:image:width\" content=\"1920\" \/>\n\t<meta property=\"og:image:height\" content=\"1080\" \/>\n\t<meta property=\"og:image:type\" content=\"image\/jpeg\" \/>\n<meta name=\"twitter:card\" content=\"summary_large_image\" \/>\n<meta name=\"twitter:label1\" content=\"Tiempo de lectura\" \/>\n\t<meta name=\"twitter:data1\" content=\"4 minutos\" \/>\n<script type=\"application\/ld+json\" class=\"yoast-schema-graph\">{\"@context\":\"https:\\\/\\\/schema.org\",\"@graph\":[{\"@type\":\"WebPage\",\"@id\":\"https:\\\/\\\/nauvemix.com\\\/rrpp\\\/servicios-para-empresas\\\/\",\"url\":\"https:\\\/\\\/nauvemix.com\\\/rrpp\\\/servicios-para-empresas\\\/\",\"name\":\"NAUVEMIX Intelligent solutions - Empresas\",\"isPartOf\":{\"@id\":\"https:\\\/\\\/nauvemix.com\\\/rrpp\\\/#website\"},\"primaryImageOfPage\":{\"@id\":\"https:\\\/\\\/nauvemix.com\\\/rrpp\\\/servicios-para-empresas\\\/#primaryimage\"},\"image\":{\"@id\":\"https:\\\/\\\/nauvemix.com\\\/rrpp\\\/servicios-para-empresas\\\/#primaryimage\"},\"thumbnailUrl\":\"https:\\\/\\\/nauvemix.com\\\/rrpp\\\/wp-content\\\/uploads\\\/support1.jpg\",\"datePublished\":\"2020-06-25T12:54:04+00:00\",\"dateModified\":\"2026-03-31T23:44:36+00:00\",\"description\":\"Tecnolog\u00eda de sistema en Administraci\u00f3n y servicios para empresas, basado en desarrollo web, servidores y desktop...sistemas y lenguajes programaci\u00f3n\",\"breadcrumb\":{\"@id\":\"https:\\\/\\\/nauvemix.com\\\/rrpp\\\/servicios-para-empresas\\\/#breadcrumb\"},\"inLanguage\":\"es\",\"potentialAction\":[{\"@type\":\"ReadAction\",\"target\":[\"https:\\\/\\\/nauvemix.com\\\/rrpp\\\/servicios-para-empresas\\\/\"]}]},{\"@type\":\"ImageObject\",\"inLanguage\":\"es\",\"@id\":\"https:\\\/\\\/nauvemix.com\\\/rrpp\\\/servicios-para-empresas\\\/#primaryimage\",\"url\":\"https:\\\/\\\/nauvemix.com\\\/rrpp\\\/wp-content\\\/uploads\\\/support1.jpg\",\"contentUrl\":\"https:\\\/\\\/nauvemix.com\\\/rrpp\\\/wp-content\\\/uploads\\\/support1.jpg\",\"width\":1920,\"height\":1080},{\"@type\":\"BreadcrumbList\",\"@id\":\"https:\\\/\\\/nauvemix.com\\\/rrpp\\\/servicios-para-empresas\\\/#breadcrumb\",\"itemListElement\":[{\"@type\":\"ListItem\",\"position\":1,\"name\":\"Portada\",\"item\":\"https:\\\/\\\/nauvemix.com\\\/rrpp\\\/\"},{\"@type\":\"ListItem\",\"position\":2,\"name\":\"Empresas\"}]},{\"@type\":\"WebSite\",\"@id\":\"https:\\\/\\\/nauvemix.com\\\/rrpp\\\/#website\",\"url\":\"https:\\\/\\\/nauvemix.com\\\/rrpp\\\/\",\"name\":\"NAUVEMIX\",\"description\":\"\",\"publisher\":{\"@id\":\"https:\\\/\\\/nauvemix.com\\\/rrpp\\\/#\\\/schema\\\/person\\\/9168ad5e1c79786216aabf940fcedfc9\"},\"alternateName\":\"NAE\",\"potentialAction\":[{\"@type\":\"SearchAction\",\"target\":{\"@type\":\"EntryPoint\",\"urlTemplate\":\"https:\\\/\\\/nauvemix.com\\\/rrpp\\\/?s={search_term_string}\"},\"query-input\":{\"@type\":\"PropertyValueSpecification\",\"valueRequired\":true,\"valueName\":\"search_term_string\"}}],\"inLanguage\":\"es\"},{\"@type\":[\"Person\",\"Organization\"],\"@id\":\"https:\\\/\\\/nauvemix.com\\\/rrpp\\\/#\\\/schema\\\/person\\\/9168ad5e1c79786216aabf940fcedfc9\",\"name\":\"NAUVEMIX\",\"image\":{\"@type\":\"ImageObject\",\"inLanguage\":\"es\",\"@id\":\"https:\\\/\\\/nauvemix.com\\\/rrpp\\\/wp-content\\\/uploads\\\/logo-barra-150.png\",\"url\":\"https:\\\/\\\/nauvemix.com\\\/rrpp\\\/wp-content\\\/uploads\\\/logo-barra-150.png\",\"contentUrl\":\"https:\\\/\\\/nauvemix.com\\\/rrpp\\\/wp-content\\\/uploads\\\/logo-barra-150.png\",\"width\":146,\"height\":70,\"caption\":\"NAUVEMIX\"},\"logo\":{\"@id\":\"https:\\\/\\\/nauvemix.com\\\/rrpp\\\/wp-content\\\/uploads\\\/logo-barra-150.png\"},\"sameAs\":[\"http:\\\/\\\/nauvemix.com\\\/rrpp\",\"https:\\\/\\\/www.instagram.com\\\/serviciosnae\",\"https:\\\/\\\/www.youtube.com\\\/channel\\\/UC-NvCsXlJpHGkuY0noDtZoA\"]}]}<\/script>\n<!-- \/ Yoast SEO plugin. -->","yoast_head_json":{"title":"NAUVEMIX Intelligent solutions - Empresas","description":"Tecnolog\u00eda de sistema en Administraci\u00f3n y servicios para empresas, basado en desarrollo web, servidores y desktop...sistemas y lenguajes programaci\u00f3n","robots":{"index":"index","follow":"follow","max-snippet":"max-snippet:-1","max-image-preview":"max-image-preview:large","max-video-preview":"max-video-preview:-1"},"canonical":"https:\/\/nauvemix.com\/rrpp\/servicios-para-empresas\/","og_locale":"es_ES","og_type":"article","og_title":"NAUVEMIX Intelligent solutions - Empresas","og_description":"Tecnolog\u00eda de sistema en Administraci\u00f3n y servicios para empresas, basado en desarrollo web, servidores y desktop...sistemas y lenguajes programaci\u00f3n","og_url":"https:\/\/nauvemix.com\/rrpp\/servicios-para-empresas\/","og_site_name":"NAUVEMIX Intelligent solutions","article_modified_time":"2026-03-31T23:44:36+00:00","og_image":[{"width":1920,"height":1080,"url":"https:\/\/nauvemix.com\/rrpp\/wp-content\/uploads\/support1.jpg","type":"image\/jpeg"}],"twitter_card":"summary_large_image","twitter_misc":{"Tiempo de lectura":"4 minutos"},"schema":{"@context":"https:\/\/schema.org","@graph":[{"@type":"WebPage","@id":"https:\/\/nauvemix.com\/rrpp\/servicios-para-empresas\/","url":"https:\/\/nauvemix.com\/rrpp\/servicios-para-empresas\/","name":"NAUVEMIX Intelligent solutions - Empresas","isPartOf":{"@id":"https:\/\/nauvemix.com\/rrpp\/#website"},"primaryImageOfPage":{"@id":"https:\/\/nauvemix.com\/rrpp\/servicios-para-empresas\/#primaryimage"},"image":{"@id":"https:\/\/nauvemix.com\/rrpp\/servicios-para-empresas\/#primaryimage"},"thumbnailUrl":"https:\/\/nauvemix.com\/rrpp\/wp-content\/uploads\/support1.jpg","datePublished":"2020-06-25T12:54:04+00:00","dateModified":"2026-03-31T23:44:36+00:00","description":"Tecnolog\u00eda de sistema en Administraci\u00f3n y servicios para empresas, basado en desarrollo web, servidores y desktop...sistemas y lenguajes programaci\u00f3n","breadcrumb":{"@id":"https:\/\/nauvemix.com\/rrpp\/servicios-para-empresas\/#breadcrumb"},"inLanguage":"es","potentialAction":[{"@type":"ReadAction","target":["https:\/\/nauvemix.com\/rrpp\/servicios-para-empresas\/"]}]},{"@type":"ImageObject","inLanguage":"es","@id":"https:\/\/nauvemix.com\/rrpp\/servicios-para-empresas\/#primaryimage","url":"https:\/\/nauvemix.com\/rrpp\/wp-content\/uploads\/support1.jpg","contentUrl":"https:\/\/nauvemix.com\/rrpp\/wp-content\/uploads\/support1.jpg","width":1920,"height":1080},{"@type":"BreadcrumbList","@id":"https:\/\/nauvemix.com\/rrpp\/servicios-para-empresas\/#breadcrumb","itemListElement":[{"@type":"ListItem","position":1,"name":"Portada","item":"https:\/\/nauvemix.com\/rrpp\/"},{"@type":"ListItem","position":2,"name":"Empresas"}]},{"@type":"WebSite","@id":"https:\/\/nauvemix.com\/rrpp\/#website","url":"https:\/\/nauvemix.com\/rrpp\/","name":"NAUVEMIX","description":"","publisher":{"@id":"https:\/\/nauvemix.com\/rrpp\/#\/schema\/person\/9168ad5e1c79786216aabf940fcedfc9"},"alternateName":"NAE","potentialAction":[{"@type":"SearchAction","target":{"@type":"EntryPoint","urlTemplate":"https:\/\/nauvemix.com\/rrpp\/?s={search_term_string}"},"query-input":{"@type":"PropertyValueSpecification","valueRequired":true,"valueName":"search_term_string"}}],"inLanguage":"es"},{"@type":["Person","Organization"],"@id":"https:\/\/nauvemix.com\/rrpp\/#\/schema\/person\/9168ad5e1c79786216aabf940fcedfc9","name":"NAUVEMIX","image":{"@type":"ImageObject","inLanguage":"es","@id":"https:\/\/nauvemix.com\/rrpp\/wp-content\/uploads\/logo-barra-150.png","url":"https:\/\/nauvemix.com\/rrpp\/wp-content\/uploads\/logo-barra-150.png","contentUrl":"https:\/\/nauvemix.com\/rrpp\/wp-content\/uploads\/logo-barra-150.png","width":146,"height":70,"caption":"NAUVEMIX"},"logo":{"@id":"https:\/\/nauvemix.com\/rrpp\/wp-content\/uploads\/logo-barra-150.png"},"sameAs":["http:\/\/nauvemix.com\/rrpp","https:\/\/www.instagram.com\/serviciosnae","https:\/\/www.youtube.com\/channel\/UC-NvCsXlJpHGkuY0noDtZoA"]}]}},"_links":{"self":[{"href":"https:\/\/nauvemix.com\/rrpp\/wp-json\/wp\/v2\/pages\/513","targetHints":{"allow":["GET"]}}],"collection":[{"href":"https:\/\/nauvemix.com\/rrpp\/wp-json\/wp\/v2\/pages"}],"about":[{"href":"https:\/\/nauvemix.com\/rrpp\/wp-json\/wp\/v2\/types\/page"}],"author":[{"embeddable":true,"href":"https:\/\/nauvemix.com\/rrpp\/wp-json\/wp\/v2\/users\/1"}],"replies":[{"embeddable":true,"href":"https:\/\/nauvemix.com\/rrpp\/wp-json\/wp\/v2\/comments?post=513"}],"version-history":[{"count":5,"href":"https:\/\/nauvemix.com\/rrpp\/wp-json\/wp\/v2\/pages\/513\/revisions"}],"predecessor-version":[{"id":1933,"href":"https:\/\/nauvemix.com\/rrpp\/wp-json\/wp\/v2\/pages\/513\/revisions\/1933"}],"wp:featuredmedia":[{"embeddable":true,"href":"https:\/\/nauvemix.com\/rrpp\/wp-json\/wp\/v2\/media\/793"}],"wp:attachment":[{"href":"https:\/\/nauvemix.com\/rrpp\/wp-json\/wp\/v2\/media?parent=513"}],"curies":[{"name":"wp","href":"https:\/\/api.w.org\/{rel}","templated":true}]}}