{"id":330,"date":"2020-06-22T18:18:41","date_gmt":"2020-06-22T18:18:41","guid":{"rendered":"https:\/\/serviciosnae.com.ve\/?page_id=28"},"modified":"2026-03-28T21:08:49","modified_gmt":"2026-03-29T01:08:49","slug":"servicios","status":"publish","type":"page","link":"https:\/\/nauvemix.com\/rrpp\/servicios\/","title":{"rendered":"Negocios y personas"},"content":{"rendered":"\n<h4 class=\"wp-block-heading section-default-title inside-content\">INNOVACIONES&#8230;!<\/h4>\n\n\n\n<p>Con la m\u00e1s variada tecnolog\u00eda y recursos profesionales&nbsp;NAE ofrece productos y servicios altamente competitivos. Investigaci\u00f3n, An\u00e1lisis Empresarial y Organizacional, Reingenier\u00eda de Procesos, Log\u00edstica y Administraci\u00f3n, Control de Proyectos. Gerencia de Oficinas. Manejo de N\u00f3mina y Recursos Humanos y otras actividades que complementen las operaciones empresariales optimizando los recursos, sin sacrificar calidad.<\/p>\n\n\n\n<blockquote class=\"wp-block-quote is-layout-flow wp-block-quote-is-layout-flow\">\n<p>Nuestro compromiso es brindar servicios de vanguardia. Implementar estandarizaciones internacionales a todos los servicios de acuerdo a las Normas ISO de manera eficiente tanto a peque\u00f1a y gran escala. Innovamos para crecer con usted. Administraci\u00f3n de servicios a nivel mundial.<\/p>\n<\/blockquote>\n\n\n\n<p>Servicios SBA (Small Business Administration) son provistos bajo nuestra absoluta direcci\u00f3n y control, representando una ventaja en el ofrecimiento de nuestros servicios. Corporativos, Empresas y negocios en Internet garantizados bajo pol\u00edticas de calidad porque la tecnolog\u00eda revoluciona la forma de hacer negocios.<\/p>\n\n\n\n<figure class=\"wp-block-pullquote has-text-align-left has-background has-luminous-vivid-amber-background-color is-style-solid-color has-very-dark-gray-color has-text-color has-small-font-size\"><blockquote><p><strong>\u00abNo establezca una meta muy baja; si no aspira a mucho, eso es lo que conseguir\u00e1\u00bb<\/strong><\/p><cite>Jim Rohn<\/cite><\/blockquote><\/figure>\n\n\n\n<div style=\"height:20px\" aria-hidden=\"true\" class=\"wp-block-spacer\"><\/div>\n\n\n\n<h4 class=\"wp-block-heading section-default-title inside-content\">ADMINISTRACI\u00d3N<\/h4>\n\n\n\n<p>Nuestra administraci\u00f3n est\u00e1 basada en un enfoque global, la administraci\u00f3n no es solo n\u00fameros, est\u00e1 basada en estrategias de planificaci\u00f3n, organizaci\u00f3n, direcci\u00f3n y control que le permita a las organizaciones, empresas, negocios y personas obtener informaci\u00f3n clara para la toma de decisiones.<\/p>\n\n\n\n<p>Estas estrategias aplicadas como administradores tienen una influencia importante en su desempe\u00f1o con respecto a sus competidores. Una estrategia es un conjunto de acciones estructuradas que los administradores adoptan para mejorar el desempe\u00f1o de su negocio. Para la mayor\u00eda de las empresas, si no es que todas, el reto m\u00e1ximo es lograr un desempe\u00f1o superior al de sus rivales. Si las estrategias de un negocio dan como resultado un desempe\u00f1o superior, lleva ventaja respecto a las dem\u00e1s.<\/p>\n\n\n\n<blockquote class=\"wp-block-quote is-layout-flow wp-block-quote-is-layout-flow\">\n<p>Ofrecemos administraci\u00f3n de empresas, negocios, oficinas, propiedades, finanzas personales e inversiones.<\/p>\n<\/blockquote>\n\n\n\n<div style=\"height:20px\" aria-hidden=\"true\" class=\"wp-block-spacer\"><\/div>\n\n\n\n<h4 class=\"wp-block-heading section-default-title inside-content\">RECURSOS HUMANOS<\/h4>\n\n\n\n<figure class=\"wp-block-pullquote has-text-align-left has-background has-luminous-vivid-amber-background-color is-style-solid-color has-very-dark-gray-color has-text-color has-small-font-size\"><blockquote><p><strong>\u00abT\u00fa no eres tu curr\u00edculum, eres tu trabajo\u00bb<\/strong><\/p><cite>Seth Godin<\/cite><\/blockquote><\/figure>\n\n\n\n<p>Como organizaciones, no importa su tama\u00f1o o enfoque, todas comparten tres caracter\u00edsticas en com\u00fan.<\/p>\n\n\n\n<p>Primero, cada organizaci\u00f3n tiene un prop\u00f3sito. Este prop\u00f3sito la difiere una de otra y se expresa en t\u00e9rminos de una meta o un conjunto de metas que la organizaci\u00f3n desea lograr.<\/p>\n\n\n\n<p>Segundo, cada organizaci\u00f3n est\u00e1 compuesta de individuos. Se necesitan personas para establecer el prop\u00f3sito, as\u00ed como para desempe\u00f1ar una variedad de actividades que har\u00e1n la meta realidad.<\/p>\n\n\n\n<p>Tercero, todas las organizaciones desarrollan una estructura sistem\u00e1tica que define las diferentes funciones de sus miembros y que a menudo establece l\u00edmites en los comportamientos de trabajo. Esto incluye crear reglas, dar a algunos miembros la responsabilidad de supervisar a otros, formar equipos de trabajo o escribir descripciones de puestos para que los miembros de la organizaci\u00f3n conozcan sus responsabilidades.<\/p>\n\n\n\n<blockquote class=\"wp-block-quote is-layout-flow wp-block-quote-is-layout-flow\">\n<p>NAE mediante sus servicios de adiestramiento y capacitaci\u00f3n constante. Administra, selecciona y contrata personal, apoyando estos lineamientos, logrando beneficios compartidos, un trabajador satisfecho y eficiente junto a una organizaci\u00f3n productiva. Personal profesional y de calidad.<\/p>\n<\/blockquote>\n\n\n\n<div style=\"height:20px\" aria-hidden=\"true\" class=\"wp-block-spacer\"><\/div>\n\n\n\n<h4 class=\"wp-block-heading section-default-title inside-content\">PROCURA Y LOG\u00cdSTICA<\/h4>\n\n\n\n<div class=\"wp-block-media-text is-stacked-on-mobile\"><figure class=\"wp-block-media-text__media\"><img loading=\"lazy\" decoding=\"async\" width=\"356\" height=\"200\" src=\"https:\/\/nauvemix.com\/rrpp\/wp-content\/uploads\/log-356x200-1.jpg\" alt=\"\" class=\"wp-image-953 size-full\" srcset=\"https:\/\/nauvemix.com\/rrpp\/wp-content\/uploads\/log-356x200-1.jpg 356w, https:\/\/nauvemix.com\/rrpp\/wp-content\/uploads\/log-356x200-1-300x169.jpg 300w\" sizes=\"auto, (max-width: 356px) 100vw, 356px\" \/><\/figure><div class=\"wp-block-media-text__content\">\n<h4 class=\"wp-block-heading\">Cuando su organizaci\u00f3n desea vender cualquier producto o servicios\u2026<\/h4>\n<\/div><\/div>\n\n\n\n<div style=\"height:20px\" aria-hidden=\"true\" class=\"wp-block-spacer\"><\/div>\n\n\n\n<p>&#8230;requiere dise\u00f1o, direcci\u00f3n y control sistem\u00e1tico de los procesos que transforman los insumos en servicios y productos para los clientes locales e internacionales. En t\u00e9rminos generales, la procura y log\u00edstica est\u00e1 presente en todas las \u00e1reas porque en ellos se llevan a cabo muchos procesos. Si usted aspira a dirigir un proceso espec\u00edfico en su disciplina, o si s\u00f3lo desea entender c\u00f3mo el proceso del que usted forma parte encaja en la estructura general de la empresa, es necesario que comprenda qu\u00e9 necesita mejor para vender m\u00e1s.<\/p>\n\n\n\n<blockquote class=\"wp-block-quote is-layout-flow wp-block-quote-is-layout-flow\">\n<p>Nuestro sistema de an\u00e1lisis de precios y proveedores permite realizar sus compras al mayor de una sola vez, sin requisitos m\u00ednimos de compra, directo a su casa u oficina. Innovaci\u00f3n y costo totalmente disponible.<\/p>\n<\/blockquote>\n\n\n\n<div style=\"height:20px\" aria-hidden=\"true\" class=\"wp-block-spacer\"><\/div>\n\n\n\n<h4 class=\"wp-block-heading section-default-title inside-content\">SERVIDORES E INTERNET<\/h4>\n\n\n\n<p>La tecnolog\u00eda se ha convertido en parte de nuestra vida moderna, hemos tenido que adaptarnos a ella, nos guste o no. El uso de correo electr\u00f3nico para mantenernos informados de nuestras transacciones bancarias. Registrarnos en organismos p\u00fablicos para manejar nuestra identidad, servicios p\u00fablicos, entre otros.  <\/p>\n\n\n\n<div class=\"wp-block-media-text has-media-on-the-right is-stacked-on-mobile\"><div class=\"wp-block-media-text__content\">\n<h4 class=\"wp-block-heading\">El uso de Servidores e Internet es una necesidad<\/h4>\n<\/div><figure class=\"wp-block-media-text__media\"><img loading=\"lazy\" decoding=\"async\" width=\"356\" height=\"200\" src=\"https:\/\/nauvemix.com\/rrpp\/wp-content\/uploads\/it-356x200-1.jpg\" alt=\"\" class=\"wp-image-954 size-full\" srcset=\"https:\/\/nauvemix.com\/rrpp\/wp-content\/uploads\/it-356x200-1.jpg 356w, https:\/\/nauvemix.com\/rrpp\/wp-content\/uploads\/it-356x200-1-300x169.jpg 300w\" sizes=\"auto, (max-width: 356px) 100vw, 356px\" \/><\/figure><\/div>\n\n\n\n<div class=\"wp-block-group is-layout-flow wp-block-group-is-layout-flow\"><\/div>\n\n\n\n<p>En el mundo de los negocios, esta necesidad se multiplica, es una obligaci\u00f3n. Necesitamos llegar a nuestros clientes, incrementar las ventas, generar ganancias haciendo negocios rentables. El aumento del uso de la tecnolog\u00eda disminuye los costos operativos.<\/p>\n\n\n\n<blockquote class=\"wp-block-quote is-layout-flow wp-block-quote-is-layout-flow\">\n<p>Si no est\u00e1 en Internet, no existe! as\u00ed&nbsp;<a href=\"https:\/\/nauvemix.com\/\" target=\"_blank\" rel=\"noreferrer noopener\">NAE Venezuela<\/a> con servidores que abarcan la mayor cantidad de pa\u00edses por todo el mundo bajo su administraci\u00f3n, ofrece completa estabilidad para sus p\u00e1ginas web, correo electr\u00f3nico, servicio de marketing, base de datos, investigaci\u00f3n y desarrollo, desde personales hasta grandes cantidades de usuarios, necesidad de tr\u00e1fico y generaci\u00f3n de ingresos en web 2.0.<\/p>\n<\/blockquote>\n\n\n\n<div style=\"height:20px\" aria-hidden=\"true\" class=\"wp-block-spacer\"><\/div>\n\n\n\n<h4 class=\"wp-block-heading section-default-title inside-content\">E-COMMERCE (TIENDAS ON-LINE)<\/h4>\n\n\n\n<p>A partir de su inicio en 1995, el comercio electr\u00f3nico de todo el mundo, Europa, Asia y Latinoam\u00e9rica ha crecido de un inicio estable a un negocio de ventas al detalle de $225 mil millones y a un monstruo de $3.6 billones de d\u00f3lares en transacciones de negocio a negocio; provocando un enorme cambio en empresas comerciales y mercados, as\u00ed como en el comportamiento de los consumidores.<\/p>\n\n\n\n<p>Se proyecta que durante los pr\u00f3ximos cinco a\u00f1os, el comercio electr\u00f3nico (en todas sus formas) seguir\u00e1 creciendo con lo cual se convertir\u00e1 en la forma de comercio de m\u00e1s r\u00e1pido crecimiento en el mundo, al igual que los autom\u00f3viles, aeroplanos y dispositivos electr\u00f3nicos definieron el siglo XX.<\/p>\n\n\n\n<blockquote class=\"wp-block-quote is-layout-flow wp-block-quote-is-layout-flow\">\n<p>Empresas comerciales establecidas (como Wal-Mart, General Electric), como las compa\u00f1\u00edas de Internet Google, Amazon, Ebay, Facebook, se est\u00e1n orientando r\u00e1pidamente hacia una econom\u00eda y sociedad basadas en el comercio electr\u00f3nico, por eso ahora usted puede comprar y vender directamente en ellas.<\/p>\n<\/blockquote>\n\n\n\n<p>Nos adaptamos a los cambios, y rompiendo paradigmas comerciales, igualmente se suma en Venezuela y el mundo a estos avances ofreciendo nuestra experiencia en e-commerce donde podr\u00e1 modernizar su forma de vender sus productos y servicios totalmente en l\u00ednea, con total seguridad y calidad para usted y sus clientes.<\/p>\n\n\n\n<blockquote class=\"wp-block-quote is-layout-flow wp-block-quote-is-layout-flow\">\n<p>Populares tiendas de comercio electr\u00f3nico en Venezuela como Mercadolibre ya se est\u00e1n adaptando a sus clientes y la forma de hacer negocios en l\u00ednea, \u00bfy usted, qu\u00e9 espera? su negocio tambi\u00e9n puede ser parte de los avances tecnol\u00f3gicos que proveemos.<\/p>\n<\/blockquote>\n\n\n\n<figure class=\"wp-block-image aligncenter size-full is-resized\"><a href=\"https:\/\/www.shopify.com\/?ref=serviciosnae\" target=\"_blank\" rel=\"noopener noreferrer\"><img loading=\"lazy\" decoding=\"async\" width=\"656\" height=\"560\" src=\"https:\/\/nauvemix.com\/rrpp\/wp-content\/uploads\/328x280-light@2x-1.jpg\" alt=\"\" class=\"wp-image-959\" style=\"width:328px;height:280px\" srcset=\"https:\/\/nauvemix.com\/rrpp\/wp-content\/uploads\/328x280-light@2x-1.jpg 656w, https:\/\/nauvemix.com\/rrpp\/wp-content\/uploads\/328x280-light@2x-1-300x256.jpg 300w\" sizes=\"auto, (max-width: 656px) 100vw, 656px\" \/><\/a><\/figure>\n\n\n\n<p>Totalmente virtual y seguro. Contamos con tecnolog\u00eda de vanguardia, plataformas actualizadas y servidores, servicios todo en uno para tu tienda on-line;&nbsp;<a href=\"https:\/\/www.shopify.com\/?ref=serviciosnae\" target=\"_blank\" rel=\"noopener noreferrer\">Shopify<\/a>,&nbsp;<a href=\"https:\/\/www.prestashop.com\/es\/\" target=\"_blank\" rel=\"noopener noreferrer\">PrestaShop<\/a>,&nbsp;<a href=\"https:\/\/www.opencart.com\/\" target=\"_blank\" rel=\"noopener noreferrer\">OpenCart<\/a> y muchos otros carritos de compras, dise\u00f1o e innumerables herramientas personalizadas.<\/p>\n\n\n\n<div style=\"height:35px\" aria-hidden=\"true\" class=\"wp-block-spacer\"><\/div>\n\n\n\n<h4 class=\"wp-block-heading section-default-title inside-content\">OTROS<\/h4>\n\n\n\n<p>Esto y muchos m\u00e1s productos y servicios ofrecemos para usted, con la m\u00e1s completa asesor\u00eda y gesti\u00f3n de negocios adaptada a su necesidad antes de la compra, completamente sin costo.<\/p>\n\n\n\n<p>Solicite hasta dos (2) servicios de soporte e ingenier\u00eda, atenci\u00f3n personal virtual, telef\u00f3nica o mediante correo electr\u00f3nico para una toma de decisiones eficiente y que asegurar\u00e1 reducir incertidumbres de su entorno.<\/p>\n\n\n\n<blockquote class=\"wp-block-quote is-layout-flow wp-block-quote-is-layout-flow\">\n<p>Profesionales con m\u00e1s de 15 a\u00f1os de experiencia y en constante actualizaci\u00f3n para atender sus necesidades y servicios de soporte para cualquier \u00e1rea y en muchos pa\u00edses donde requiera la informaci\u00f3n.<\/p>\n<\/blockquote>\n\n\n\n<p><\/p>\n","protected":false},"excerpt":{"rendered":"<p>INNOVACIONES&#8230;! Con la m\u00e1s variada tecnolog\u00eda y recursos profesionales&nbsp;NAE ofrece productos y servicios altamente competitivos. Investigaci\u00f3n, An\u00e1lisis Empresarial y Organizacional, Reingenier\u00eda de Procesos, Log\u00edstica y Administraci\u00f3n, Control de Proyectos. Gerencia de Oficinas. Manejo de N\u00f3mina y Recursos Humanos y otras actividades que complementen las operaciones empresariales optimizando los recursos, sin sacrificar calidad. Nuestro compromiso es [&hellip;]<\/p>\n","protected":false},"author":1,"featured_media":1416,"parent":0,"menu_order":0,"comment_status":"closed","ping_status":"closed","template":"","meta":{"footnotes":""},"class_list":["post-330","page","type-page","status-publish","has-post-thumbnail","hentry"],"blocksy_meta":{"styles_descriptor":{"styles":{"desktop":"","tablet":"","mobile":""},"google_fonts":[],"version":6}},"yoast_head":"<!-- This site is optimized with the Yoast SEO plugin v27.4 - https:\/\/yoast.com\/product\/yoast-seo-wordpress\/ -->\n<title>NAUVEMIX Intelligent solutions - Negocios y personas<\/title>\n<meta name=\"description\" content=\"Con la m\u00e1s variada tecnolog\u00eda y recursos profesionales\u00a0NAE\u00a0ofrece productos y servicios altamente competitivos. Investigaci\u00f3n, An\u00e1lisis Empresarial y Organizacional, Reingenier\u00eda de Procesos\" \/>\n<meta name=\"robots\" content=\"index, follow, max-snippet:-1, max-image-preview:large, max-video-preview:-1\" \/>\n<link rel=\"canonical\" href=\"https:\/\/nauvemix.com\/rrpp\/servicios\/\" \/>\n<meta property=\"og:locale\" content=\"es_ES\" \/>\n<meta property=\"og:type\" content=\"article\" \/>\n<meta property=\"og:title\" content=\"NAUVEMIX Intelligent solutions - Negocios y personas\" \/>\n<meta property=\"og:description\" content=\"Con la m\u00e1s variada tecnolog\u00eda y recursos profesionales\u00a0NAE\u00a0ofrece productos y servicios altamente competitivos. Investigaci\u00f3n, An\u00e1lisis Empresarial y Organizacional, Reingenier\u00eda de Procesos\" \/>\n<meta property=\"og:url\" content=\"https:\/\/nauvemix.com\/rrpp\/servicios\/\" \/>\n<meta property=\"og:site_name\" content=\"NAUVEMIX Intelligent solutions\" \/>\n<meta property=\"article:modified_time\" content=\"2026-03-29T01:08:49+00:00\" \/>\n<meta property=\"og:image\" content=\"https:\/\/nauvemix.com\/rrpp\/wp-content\/uploads\/negocios.jpg\" \/>\n\t<meta property=\"og:image:width\" content=\"1920\" \/>\n\t<meta property=\"og:image:height\" content=\"1080\" \/>\n\t<meta property=\"og:image:type\" content=\"image\/jpeg\" \/>\n<meta name=\"twitter:card\" content=\"summary_large_image\" \/>\n<meta name=\"twitter:label1\" content=\"Tiempo de lectura\" \/>\n\t<meta name=\"twitter:data1\" content=\"5 minutos\" \/>\n<script type=\"application\/ld+json\" class=\"yoast-schema-graph\">{\"@context\":\"https:\\\/\\\/schema.org\",\"@graph\":[{\"@type\":\"WebPage\",\"@id\":\"https:\\\/\\\/nauvemix.com\\\/rrpp\\\/servicios\\\/\",\"url\":\"https:\\\/\\\/nauvemix.com\\\/rrpp\\\/servicios\\\/\",\"name\":\"NAUVEMIX Intelligent solutions - Negocios y personas\",\"isPartOf\":{\"@id\":\"https:\\\/\\\/nauvemix.com\\\/rrpp\\\/#website\"},\"primaryImageOfPage\":{\"@id\":\"https:\\\/\\\/nauvemix.com\\\/rrpp\\\/servicios\\\/#primaryimage\"},\"image\":{\"@id\":\"https:\\\/\\\/nauvemix.com\\\/rrpp\\\/servicios\\\/#primaryimage\"},\"thumbnailUrl\":\"https:\\\/\\\/nauvemix.com\\\/rrpp\\\/wp-content\\\/uploads\\\/negocios.jpg\",\"datePublished\":\"2020-06-22T18:18:41+00:00\",\"dateModified\":\"2026-03-29T01:08:49+00:00\",\"description\":\"Con la m\u00e1s variada tecnolog\u00eda y recursos profesionales\u00a0NAE\u00a0ofrece productos y servicios altamente competitivos. Investigaci\u00f3n, An\u00e1lisis Empresarial y Organizacional, Reingenier\u00eda de Procesos\",\"breadcrumb\":{\"@id\":\"https:\\\/\\\/nauvemix.com\\\/rrpp\\\/servicios\\\/#breadcrumb\"},\"inLanguage\":\"es\",\"potentialAction\":[{\"@type\":\"ReadAction\",\"target\":[\"https:\\\/\\\/nauvemix.com\\\/rrpp\\\/servicios\\\/\"]}]},{\"@type\":\"ImageObject\",\"inLanguage\":\"es\",\"@id\":\"https:\\\/\\\/nauvemix.com\\\/rrpp\\\/servicios\\\/#primaryimage\",\"url\":\"https:\\\/\\\/nauvemix.com\\\/rrpp\\\/wp-content\\\/uploads\\\/negocios.jpg\",\"contentUrl\":\"https:\\\/\\\/nauvemix.com\\\/rrpp\\\/wp-content\\\/uploads\\\/negocios.jpg\",\"width\":1920,\"height\":1080},{\"@type\":\"BreadcrumbList\",\"@id\":\"https:\\\/\\\/nauvemix.com\\\/rrpp\\\/servicios\\\/#breadcrumb\",\"itemListElement\":[{\"@type\":\"ListItem\",\"position\":1,\"name\":\"Portada\",\"item\":\"https:\\\/\\\/nauvemix.com\\\/rrpp\\\/\"},{\"@type\":\"ListItem\",\"position\":2,\"name\":\"Negocios y personas\"}]},{\"@type\":\"WebSite\",\"@id\":\"https:\\\/\\\/nauvemix.com\\\/rrpp\\\/#website\",\"url\":\"https:\\\/\\\/nauvemix.com\\\/rrpp\\\/\",\"name\":\"NAUVEMIX\",\"description\":\"\",\"publisher\":{\"@id\":\"https:\\\/\\\/nauvemix.com\\\/rrpp\\\/#\\\/schema\\\/person\\\/9168ad5e1c79786216aabf940fcedfc9\"},\"alternateName\":\"NAE\",\"potentialAction\":[{\"@type\":\"SearchAction\",\"target\":{\"@type\":\"EntryPoint\",\"urlTemplate\":\"https:\\\/\\\/nauvemix.com\\\/rrpp\\\/?s={search_term_string}\"},\"query-input\":{\"@type\":\"PropertyValueSpecification\",\"valueRequired\":true,\"valueName\":\"search_term_string\"}}],\"inLanguage\":\"es\"},{\"@type\":[\"Person\",\"Organization\"],\"@id\":\"https:\\\/\\\/nauvemix.com\\\/rrpp\\\/#\\\/schema\\\/person\\\/9168ad5e1c79786216aabf940fcedfc9\",\"name\":\"NAUVEMIX\",\"image\":{\"@type\":\"ImageObject\",\"inLanguage\":\"es\",\"@id\":\"https:\\\/\\\/nauvemix.com\\\/rrpp\\\/wp-content\\\/uploads\\\/logo-barra-150.png\",\"url\":\"https:\\\/\\\/nauvemix.com\\\/rrpp\\\/wp-content\\\/uploads\\\/logo-barra-150.png\",\"contentUrl\":\"https:\\\/\\\/nauvemix.com\\\/rrpp\\\/wp-content\\\/uploads\\\/logo-barra-150.png\",\"width\":146,\"height\":70,\"caption\":\"NAUVEMIX\"},\"logo\":{\"@id\":\"https:\\\/\\\/nauvemix.com\\\/rrpp\\\/wp-content\\\/uploads\\\/logo-barra-150.png\"},\"sameAs\":[\"http:\\\/\\\/nauvemix.com\\\/rrpp\",\"https:\\\/\\\/www.instagram.com\\\/serviciosnae\",\"https:\\\/\\\/www.youtube.com\\\/channel\\\/UC-NvCsXlJpHGkuY0noDtZoA\"]}]}<\/script>\n<!-- \/ Yoast SEO plugin. -->","yoast_head_json":{"title":"NAUVEMIX Intelligent solutions - Negocios y personas","description":"Con la m\u00e1s variada tecnolog\u00eda y recursos profesionales\u00a0NAE\u00a0ofrece productos y servicios altamente competitivos. Investigaci\u00f3n, An\u00e1lisis Empresarial y Organizacional, Reingenier\u00eda de Procesos","robots":{"index":"index","follow":"follow","max-snippet":"max-snippet:-1","max-image-preview":"max-image-preview:large","max-video-preview":"max-video-preview:-1"},"canonical":"https:\/\/nauvemix.com\/rrpp\/servicios\/","og_locale":"es_ES","og_type":"article","og_title":"NAUVEMIX Intelligent solutions - Negocios y personas","og_description":"Con la m\u00e1s variada tecnolog\u00eda y recursos profesionales\u00a0NAE\u00a0ofrece productos y servicios altamente competitivos. Investigaci\u00f3n, An\u00e1lisis Empresarial y Organizacional, Reingenier\u00eda de Procesos","og_url":"https:\/\/nauvemix.com\/rrpp\/servicios\/","og_site_name":"NAUVEMIX Intelligent solutions","article_modified_time":"2026-03-29T01:08:49+00:00","og_image":[{"width":1920,"height":1080,"url":"https:\/\/nauvemix.com\/rrpp\/wp-content\/uploads\/negocios.jpg","type":"image\/jpeg"}],"twitter_card":"summary_large_image","twitter_misc":{"Tiempo de lectura":"5 minutos"},"schema":{"@context":"https:\/\/schema.org","@graph":[{"@type":"WebPage","@id":"https:\/\/nauvemix.com\/rrpp\/servicios\/","url":"https:\/\/nauvemix.com\/rrpp\/servicios\/","name":"NAUVEMIX Intelligent solutions - Negocios y personas","isPartOf":{"@id":"https:\/\/nauvemix.com\/rrpp\/#website"},"primaryImageOfPage":{"@id":"https:\/\/nauvemix.com\/rrpp\/servicios\/#primaryimage"},"image":{"@id":"https:\/\/nauvemix.com\/rrpp\/servicios\/#primaryimage"},"thumbnailUrl":"https:\/\/nauvemix.com\/rrpp\/wp-content\/uploads\/negocios.jpg","datePublished":"2020-06-22T18:18:41+00:00","dateModified":"2026-03-29T01:08:49+00:00","description":"Con la m\u00e1s variada tecnolog\u00eda y recursos profesionales\u00a0NAE\u00a0ofrece productos y servicios altamente competitivos. Investigaci\u00f3n, An\u00e1lisis Empresarial y Organizacional, Reingenier\u00eda de Procesos","breadcrumb":{"@id":"https:\/\/nauvemix.com\/rrpp\/servicios\/#breadcrumb"},"inLanguage":"es","potentialAction":[{"@type":"ReadAction","target":["https:\/\/nauvemix.com\/rrpp\/servicios\/"]}]},{"@type":"ImageObject","inLanguage":"es","@id":"https:\/\/nauvemix.com\/rrpp\/servicios\/#primaryimage","url":"https:\/\/nauvemix.com\/rrpp\/wp-content\/uploads\/negocios.jpg","contentUrl":"https:\/\/nauvemix.com\/rrpp\/wp-content\/uploads\/negocios.jpg","width":1920,"height":1080},{"@type":"BreadcrumbList","@id":"https:\/\/nauvemix.com\/rrpp\/servicios\/#breadcrumb","itemListElement":[{"@type":"ListItem","position":1,"name":"Portada","item":"https:\/\/nauvemix.com\/rrpp\/"},{"@type":"ListItem","position":2,"name":"Negocios y personas"}]},{"@type":"WebSite","@id":"https:\/\/nauvemix.com\/rrpp\/#website","url":"https:\/\/nauvemix.com\/rrpp\/","name":"NAUVEMIX","description":"","publisher":{"@id":"https:\/\/nauvemix.com\/rrpp\/#\/schema\/person\/9168ad5e1c79786216aabf940fcedfc9"},"alternateName":"NAE","potentialAction":[{"@type":"SearchAction","target":{"@type":"EntryPoint","urlTemplate":"https:\/\/nauvemix.com\/rrpp\/?s={search_term_string}"},"query-input":{"@type":"PropertyValueSpecification","valueRequired":true,"valueName":"search_term_string"}}],"inLanguage":"es"},{"@type":["Person","Organization"],"@id":"https:\/\/nauvemix.com\/rrpp\/#\/schema\/person\/9168ad5e1c79786216aabf940fcedfc9","name":"NAUVEMIX","image":{"@type":"ImageObject","inLanguage":"es","@id":"https:\/\/nauvemix.com\/rrpp\/wp-content\/uploads\/logo-barra-150.png","url":"https:\/\/nauvemix.com\/rrpp\/wp-content\/uploads\/logo-barra-150.png","contentUrl":"https:\/\/nauvemix.com\/rrpp\/wp-content\/uploads\/logo-barra-150.png","width":146,"height":70,"caption":"NAUVEMIX"},"logo":{"@id":"https:\/\/nauvemix.com\/rrpp\/wp-content\/uploads\/logo-barra-150.png"},"sameAs":["http:\/\/nauvemix.com\/rrpp","https:\/\/www.instagram.com\/serviciosnae","https:\/\/www.youtube.com\/channel\/UC-NvCsXlJpHGkuY0noDtZoA"]}]}},"_links":{"self":[{"href":"https:\/\/nauvemix.com\/rrpp\/wp-json\/wp\/v2\/pages\/330","targetHints":{"allow":["GET"]}}],"collection":[{"href":"https:\/\/nauvemix.com\/rrpp\/wp-json\/wp\/v2\/pages"}],"about":[{"href":"https:\/\/nauvemix.com\/rrpp\/wp-json\/wp\/v2\/types\/page"}],"author":[{"embeddable":true,"href":"https:\/\/nauvemix.com\/rrpp\/wp-json\/wp\/v2\/users\/1"}],"replies":[{"embeddable":true,"href":"https:\/\/nauvemix.com\/rrpp\/wp-json\/wp\/v2\/comments?post=330"}],"version-history":[{"count":6,"href":"https:\/\/nauvemix.com\/rrpp\/wp-json\/wp\/v2\/pages\/330\/revisions"}],"predecessor-version":[{"id":1895,"href":"https:\/\/nauvemix.com\/rrpp\/wp-json\/wp\/v2\/pages\/330\/revisions\/1895"}],"wp:featuredmedia":[{"embeddable":true,"href":"https:\/\/nauvemix.com\/rrpp\/wp-json\/wp\/v2\/media\/1416"}],"wp:attachment":[{"href":"https:\/\/nauvemix.com\/rrpp\/wp-json\/wp\/v2\/media?parent=330"}],"curies":[{"name":"wp","href":"https:\/\/api.w.org\/{rel}","templated":true}]}}