{"id":1898,"date":"2023-01-23T14:57:37","date_gmt":"2023-01-23T18:57:37","guid":{"rendered":"https:\/\/nauvemix.com\/rrpp\/?page_id=1898"},"modified":"2026-03-31T17:50:51","modified_gmt":"2026-03-31T21:50:51","slug":"administration-and-human-resources","status":"publish","type":"page","link":"https:\/\/nauvemix.com\/rrpp\/en\/administration-and-human-resources\/","title":{"rendered":"Administration and Human Resources"},"content":{"rendered":"\n<p>The digital revolution is transforming business by facilitating more efficient information flows. Business administration, human resources, and resource distribution: your company can take advantage of these new opportunities.<\/p>\n\n\n\n<p>According to recent studies and reports from leading international labor and human resources <a href=\"https:\/\/www.cepal.org\/\">organizations<\/a>, in 2022, approximately 2 billion people were part of informal employment worldwide, compared to a slight reduction of 5% between 2004 and 2019.<\/p>\n\n\n\n<figure class=\"wp-block-image aligncenter size-large\"><img loading=\"lazy\" decoding=\"async\" width=\"1024\" height=\"575\" src=\"https:\/\/nauvemix.com\/rrpp\/wp-content\/uploads\/rrhh-oferta-demanda-1024x575.jpg\" alt=\"Estad\u00edsticas Recursos Humanos\" class=\"wp-image-1439\" srcset=\"https:\/\/nauvemix.com\/rrpp\/wp-content\/uploads\/rrhh-oferta-demanda-1024x575.jpg 1024w, https:\/\/nauvemix.com\/rrpp\/wp-content\/uploads\/rrhh-oferta-demanda-300x168.jpg 300w, https:\/\/nauvemix.com\/rrpp\/wp-content\/uploads\/rrhh-oferta-demanda-768x431.jpg 768w, https:\/\/nauvemix.com\/rrpp\/wp-content\/uploads\/rrhh-oferta-demanda.jpg 1058w\" sizes=\"auto, (max-width: 1024px) 100vw, 1024px\" \/><figcaption class=\"wp-element-caption\"><strong>Labor demand and supply on global digital platforms (daily averages, October 14 to December 15, 2019).<\/strong><\/figcaption><\/figure>\n\n\n\n<p>In contrast, the employment recovery following the COVID-19 health crisis has been driven primarily by informal employment. This has led to a slight increase in the incidence of informality, accompanied by a lack of key formal characteristics in labor development, such as social protection.<\/p>\n\n\n\n<p>New jobs are emerging under various legal or organizational formats for human resources across different cultures. Digitalization is giving rise to new business models using digital platforms as key tools in both global and local markets, providing access to all.<\/p>\n\n\n\n<p>This same trend is repeating worldwide, and this reality is intrinsically linked to the boom in information technology. Technological shifts\u2014especially new devices and digital work tools like Artificial Intelligence\u2014fuel optimistic predictions regarding their potential to accelerate productivity growth.<\/p>\n\n\n\n<p>Indeed, in human resources, productivity aims to implement the effective use of innovation and technical resources to increase value-added products and services by doing two basic things: increasing production without changing the volume of supplies (producing and selling more) and decreasing the volume of supplies without changing production (reducing the operating costs of the resources used in the company).<\/p>\n\n\n\n<h3 class=\"wp-block-heading\">The importance of Human Talent Management in Organizations<\/h3>\n\n\n\n<p>Monitoring human resources management and administration processes is strategic in the short, medium, and long term to achieve the objectives set by a wide variety of organizations and businesses. Consequently, what traditionally consisted of planning, organizing, developing, coordinating, and controlling through efficient techniques is now more evident in labor relations to attract and retain human capital with a positive attitude.<\/p>\n\n\n\n<figure class=\"wp-block-image aligncenter size-large\"><img loading=\"lazy\" decoding=\"async\" width=\"1024\" height=\"486\" src=\"https:\/\/nauvemix.com\/rrpp\/wp-content\/uploads\/rrhh-cepal-1024x486.jpg\" alt=\"Estad\u00edsticas Recursos Humanos\" class=\"wp-image-1438\" srcset=\"https:\/\/nauvemix.com\/rrpp\/wp-content\/uploads\/rrhh-cepal-1024x486.jpg 1024w, https:\/\/nauvemix.com\/rrpp\/wp-content\/uploads\/rrhh-cepal-300x142.jpg 300w, https:\/\/nauvemix.com\/rrpp\/wp-content\/uploads\/rrhh-cepal-768x364.jpg 768w, https:\/\/nauvemix.com\/rrpp\/wp-content\/uploads\/rrhh-cepal.jpg 1065w\" sizes=\"auto, (max-width: 1024px) 100vw, 1024px\" \/><figcaption class=\"wp-element-caption\"><strong>Occupational Structure in 18 Latin American countries (a) by economic sector<\/strong><\/figcaption><\/figure>\n\n\n\n<p>In this regard, human resources are currently viewed as the most important assets within organizations and businesses, serving as a key factor in guaranteeing corporate objectives. The following trends are clearly observed:<\/p>\n\n\n\n<ul class=\"wp-block-list\">\n<li>More agile and productive organizations.<\/li>\n\n\n\n<li>Talent acquisition in competitive environments.<\/li>\n\n\n\n<li>Labor policies grounded in ethics.<\/li>\n\n\n\n<li>Training, development, and performance evaluation models.<\/li>\n\n\n\n<li>Loyalty and a sense of commitment by generating structural trust.<\/li>\n\n\n\n<li>Technological innovation, systems development, databases, and AI.<\/li>\n\n\n\n<li>Performance improvements through management indicators (KPIs).<\/li>\n<\/ul>\n\n\n\n<h3 class=\"wp-block-heading\">Characteristics of efficient Human Resources Management<\/h3>\n\n\n\n<p>Complementing various information sources with the administrative and managerial capabilities of HR directors establishes the need to align processes with new technological advances to adapt to required labor changes; however, this is not limited to large corporations.<\/p>\n\n\n\n<p>Thanks to global technological access, information can be leveraged by personal businesses that have flooded the market, taking into account the limitations they may face. In this context, efficient human resource management ensures the following fundamental elements:<\/p>\n\n\n\n<ul class=\"wp-block-list\">\n<li>Hiring the right people for the right job.<\/li>\n\n\n\n<li>Motivating individuals to be highly productive.<\/li>\n\n\n\n<li>Maintaining high productivity by creating a healthy and safe work environment.<\/li>\n\n\n\n<li>Appropriate work culture and policies.<\/li>\n\n\n\n<li>Addressing human resource issues quickly and effectively.<\/li>\n<\/ul>\n\n\n\n<p>Following these considerations, formal and informal organizations will recognize the need to generate productive and competitive development mechanisms to ensure the stability of both their business and their human resources. Ultimately, the future of organizations depends on the stability of the people who represent its primary guarantee.<\/p>\n\n\n\n<p>Hiring and Human Resources services<\/p>\n\n\n\n<p><a href=\"https:\/\/nauvemix.com\/rrpp\/en\/business-and-people\/\" target=\"_blank\" rel=\"noreferrer noopener\">NAUVEMIX<\/a> administers and manages human resources across different languages and cultures, both locally and internationally in many countries. We offer mechanisms to process each of the following stages individually or as a comprehensive suite:<\/p>\n\n\n\n<ul class=\"wp-block-list\">\n<li>Job analysis and description.<\/li>\n\n\n\n<li>Recruitment and Selection.<\/li>\n\n\n\n<li>Training and professional development.<\/li>\n\n\n\n<li>Risk management, health, and safety.<\/li>\n\n\n\n<li>Personnel control and activity.<\/li>\n\n\n\n<li>Payroll and salary administration.<\/li>\n\n\n\n<li>Human Resources Auditing.<\/li>\n<\/ul>\n\n\n\n<p>We work with companies, various business models, individuals, and withholding agents in Venezuela and worldwide. We invite you to contact us through any of our available channels: our phone numbers, Customer Service (SAC), online chat on our website, or by email for more information. We are always open to resolving your doubts and adapting to the diverse requirements of our users.<\/p>\n","protected":false},"excerpt":{"rendered":"<p>The digital revolution is transforming business by facilitating more efficient information flows. Business administration, human resources, and resource distribution: your company can take advantage of these new opportunities. According to recent studies and reports from leading international labor and human resources organizations, in 2022, approximately 2 billion people were part of informal employment worldwide, compared [&hellip;]<\/p>\n","protected":false},"author":1,"featured_media":864,"parent":0,"menu_order":0,"comment_status":"closed","ping_status":"closed","template":"","meta":{"footnotes":""},"class_list":["post-1898","page","type-page","status-publish","has-post-thumbnail","hentry"],"blocksy_meta":{"styles_descriptor":{"styles":{"desktop":"","tablet":"","mobile":""},"google_fonts":[],"version":6}},"yoast_head":"<!-- This site is optimized with the Yoast SEO plugin v27.4 - https:\/\/yoast.com\/product\/yoast-seo-wordpress\/ -->\n<title>NAUVEMIX Intelligent solutions - Administration and Human Resources<\/title>\n<meta name=\"description\" content=\"Mejoramos la calidad y el rendimiento de su negocio. La revoluci\u00f3n digital est\u00e1 transformando el mundo, facilitando los flujos de informaci\u00f3n\" \/>\n<meta name=\"robots\" content=\"index, follow, max-snippet:-1, max-image-preview:large, max-video-preview:-1\" \/>\n<link rel=\"canonical\" href=\"https:\/\/nauvemix.com\/rrpp\/en\/administration-and-human-resources\/\" \/>\n<meta property=\"og:locale\" content=\"es_ES\" \/>\n<meta property=\"og:type\" content=\"article\" \/>\n<meta property=\"og:title\" content=\"NAUVEMIX Intelligent solutions - Administration and Human Resources\" \/>\n<meta property=\"og:description\" content=\"Mejoramos la calidad y el rendimiento de su negocio. La revoluci\u00f3n digital est\u00e1 transformando el mundo, facilitando los flujos de informaci\u00f3n\" \/>\n<meta property=\"og:url\" content=\"https:\/\/nauvemix.com\/rrpp\/en\/administration-and-human-resources\/\" \/>\n<meta property=\"og:site_name\" content=\"NAUVEMIX Intelligent solutions\" \/>\n<meta property=\"article:modified_time\" content=\"2026-03-31T21:50:51+00:00\" \/>\n<meta property=\"og:image\" content=\"https:\/\/nauvemix.com\/rrpp\/wp-content\/uploads\/slider55.jpg\" \/>\n\t<meta property=\"og:image:width\" content=\"1920\" \/>\n\t<meta property=\"og:image:height\" content=\"1080\" \/>\n\t<meta property=\"og:image:type\" content=\"image\/jpeg\" \/>\n<meta name=\"twitter:card\" content=\"summary_large_image\" \/>\n<meta name=\"twitter:label1\" content=\"Tiempo de lectura\" \/>\n\t<meta name=\"twitter:data1\" content=\"4 minutos\" \/>\n<script type=\"application\/ld+json\" class=\"yoast-schema-graph\">{\"@context\":\"https:\\\/\\\/schema.org\",\"@graph\":[{\"@type\":\"WebPage\",\"@id\":\"https:\\\/\\\/nauvemix.com\\\/rrpp\\\/en\\\/administration-and-human-resources\\\/\",\"url\":\"https:\\\/\\\/nauvemix.com\\\/rrpp\\\/en\\\/administration-and-human-resources\\\/\",\"name\":\"NAUVEMIX Intelligent solutions - Administration and Human Resources\",\"isPartOf\":{\"@id\":\"https:\\\/\\\/nauvemix.com\\\/rrpp\\\/#website\"},\"primaryImageOfPage\":{\"@id\":\"https:\\\/\\\/nauvemix.com\\\/rrpp\\\/en\\\/administration-and-human-resources\\\/#primaryimage\"},\"image\":{\"@id\":\"https:\\\/\\\/nauvemix.com\\\/rrpp\\\/en\\\/administration-and-human-resources\\\/#primaryimage\"},\"thumbnailUrl\":\"https:\\\/\\\/nauvemix.com\\\/rrpp\\\/wp-content\\\/uploads\\\/slider55.jpg\",\"datePublished\":\"2023-01-23T18:57:37+00:00\",\"dateModified\":\"2026-03-31T21:50:51+00:00\",\"description\":\"Mejoramos la calidad y el rendimiento de su negocio. La revoluci\u00f3n digital est\u00e1 transformando el mundo, facilitando los flujos de informaci\u00f3n\",\"breadcrumb\":{\"@id\":\"https:\\\/\\\/nauvemix.com\\\/rrpp\\\/en\\\/administration-and-human-resources\\\/#breadcrumb\"},\"inLanguage\":\"es\",\"potentialAction\":[{\"@type\":\"ReadAction\",\"target\":[\"https:\\\/\\\/nauvemix.com\\\/rrpp\\\/en\\\/administration-and-human-resources\\\/\"]}]},{\"@type\":\"ImageObject\",\"inLanguage\":\"es\",\"@id\":\"https:\\\/\\\/nauvemix.com\\\/rrpp\\\/en\\\/administration-and-human-resources\\\/#primaryimage\",\"url\":\"https:\\\/\\\/nauvemix.com\\\/rrpp\\\/wp-content\\\/uploads\\\/slider55.jpg\",\"contentUrl\":\"https:\\\/\\\/nauvemix.com\\\/rrpp\\\/wp-content\\\/uploads\\\/slider55.jpg\",\"width\":1920,\"height\":1080,\"caption\":\"talento humano\"},{\"@type\":\"BreadcrumbList\",\"@id\":\"https:\\\/\\\/nauvemix.com\\\/rrpp\\\/en\\\/administration-and-human-resources\\\/#breadcrumb\",\"itemListElement\":[{\"@type\":\"ListItem\",\"position\":1,\"name\":\"Portada\",\"item\":\"https:\\\/\\\/nauvemix.com\\\/rrpp\\\/\"},{\"@type\":\"ListItem\",\"position\":2,\"name\":\"Administration and Human Resources\"}]},{\"@type\":\"WebSite\",\"@id\":\"https:\\\/\\\/nauvemix.com\\\/rrpp\\\/#website\",\"url\":\"https:\\\/\\\/nauvemix.com\\\/rrpp\\\/\",\"name\":\"NAUVEMIX\",\"description\":\"\",\"publisher\":{\"@id\":\"https:\\\/\\\/nauvemix.com\\\/rrpp\\\/#\\\/schema\\\/person\\\/9168ad5e1c79786216aabf940fcedfc9\"},\"alternateName\":\"NAE\",\"potentialAction\":[{\"@type\":\"SearchAction\",\"target\":{\"@type\":\"EntryPoint\",\"urlTemplate\":\"https:\\\/\\\/nauvemix.com\\\/rrpp\\\/?s={search_term_string}\"},\"query-input\":{\"@type\":\"PropertyValueSpecification\",\"valueRequired\":true,\"valueName\":\"search_term_string\"}}],\"inLanguage\":\"es\"},{\"@type\":[\"Person\",\"Organization\"],\"@id\":\"https:\\\/\\\/nauvemix.com\\\/rrpp\\\/#\\\/schema\\\/person\\\/9168ad5e1c79786216aabf940fcedfc9\",\"name\":\"NAUVEMIX\",\"image\":{\"@type\":\"ImageObject\",\"inLanguage\":\"es\",\"@id\":\"https:\\\/\\\/nauvemix.com\\\/rrpp\\\/wp-content\\\/uploads\\\/logo-barra-150.png\",\"url\":\"https:\\\/\\\/nauvemix.com\\\/rrpp\\\/wp-content\\\/uploads\\\/logo-barra-150.png\",\"contentUrl\":\"https:\\\/\\\/nauvemix.com\\\/rrpp\\\/wp-content\\\/uploads\\\/logo-barra-150.png\",\"width\":146,\"height\":70,\"caption\":\"NAUVEMIX\"},\"logo\":{\"@id\":\"https:\\\/\\\/nauvemix.com\\\/rrpp\\\/wp-content\\\/uploads\\\/logo-barra-150.png\"},\"sameAs\":[\"http:\\\/\\\/nauvemix.com\\\/rrpp\",\"https:\\\/\\\/www.instagram.com\\\/serviciosnae\",\"https:\\\/\\\/www.youtube.com\\\/channel\\\/UC-NvCsXlJpHGkuY0noDtZoA\"]}]}<\/script>\n<!-- \/ Yoast SEO plugin. -->","yoast_head_json":{"title":"NAUVEMIX Intelligent solutions - Administration and Human Resources","description":"Mejoramos la calidad y el rendimiento de su negocio. La revoluci\u00f3n digital est\u00e1 transformando el mundo, facilitando los flujos de informaci\u00f3n","robots":{"index":"index","follow":"follow","max-snippet":"max-snippet:-1","max-image-preview":"max-image-preview:large","max-video-preview":"max-video-preview:-1"},"canonical":"https:\/\/nauvemix.com\/rrpp\/en\/administration-and-human-resources\/","og_locale":"es_ES","og_type":"article","og_title":"NAUVEMIX Intelligent solutions - Administration and Human Resources","og_description":"Mejoramos la calidad y el rendimiento de su negocio. La revoluci\u00f3n digital est\u00e1 transformando el mundo, facilitando los flujos de informaci\u00f3n","og_url":"https:\/\/nauvemix.com\/rrpp\/en\/administration-and-human-resources\/","og_site_name":"NAUVEMIX Intelligent solutions","article_modified_time":"2026-03-31T21:50:51+00:00","og_image":[{"width":1920,"height":1080,"url":"https:\/\/nauvemix.com\/rrpp\/wp-content\/uploads\/slider55.jpg","type":"image\/jpeg"}],"twitter_card":"summary_large_image","twitter_misc":{"Tiempo de lectura":"4 minutos"},"schema":{"@context":"https:\/\/schema.org","@graph":[{"@type":"WebPage","@id":"https:\/\/nauvemix.com\/rrpp\/en\/administration-and-human-resources\/","url":"https:\/\/nauvemix.com\/rrpp\/en\/administration-and-human-resources\/","name":"NAUVEMIX Intelligent solutions - Administration and Human Resources","isPartOf":{"@id":"https:\/\/nauvemix.com\/rrpp\/#website"},"primaryImageOfPage":{"@id":"https:\/\/nauvemix.com\/rrpp\/en\/administration-and-human-resources\/#primaryimage"},"image":{"@id":"https:\/\/nauvemix.com\/rrpp\/en\/administration-and-human-resources\/#primaryimage"},"thumbnailUrl":"https:\/\/nauvemix.com\/rrpp\/wp-content\/uploads\/slider55.jpg","datePublished":"2023-01-23T18:57:37+00:00","dateModified":"2026-03-31T21:50:51+00:00","description":"Mejoramos la calidad y el rendimiento de su negocio. La revoluci\u00f3n digital est\u00e1 transformando el mundo, facilitando los flujos de informaci\u00f3n","breadcrumb":{"@id":"https:\/\/nauvemix.com\/rrpp\/en\/administration-and-human-resources\/#breadcrumb"},"inLanguage":"es","potentialAction":[{"@type":"ReadAction","target":["https:\/\/nauvemix.com\/rrpp\/en\/administration-and-human-resources\/"]}]},{"@type":"ImageObject","inLanguage":"es","@id":"https:\/\/nauvemix.com\/rrpp\/en\/administration-and-human-resources\/#primaryimage","url":"https:\/\/nauvemix.com\/rrpp\/wp-content\/uploads\/slider55.jpg","contentUrl":"https:\/\/nauvemix.com\/rrpp\/wp-content\/uploads\/slider55.jpg","width":1920,"height":1080,"caption":"talento humano"},{"@type":"BreadcrumbList","@id":"https:\/\/nauvemix.com\/rrpp\/en\/administration-and-human-resources\/#breadcrumb","itemListElement":[{"@type":"ListItem","position":1,"name":"Portada","item":"https:\/\/nauvemix.com\/rrpp\/"},{"@type":"ListItem","position":2,"name":"Administration and Human Resources"}]},{"@type":"WebSite","@id":"https:\/\/nauvemix.com\/rrpp\/#website","url":"https:\/\/nauvemix.com\/rrpp\/","name":"NAUVEMIX","description":"","publisher":{"@id":"https:\/\/nauvemix.com\/rrpp\/#\/schema\/person\/9168ad5e1c79786216aabf940fcedfc9"},"alternateName":"NAE","potentialAction":[{"@type":"SearchAction","target":{"@type":"EntryPoint","urlTemplate":"https:\/\/nauvemix.com\/rrpp\/?s={search_term_string}"},"query-input":{"@type":"PropertyValueSpecification","valueRequired":true,"valueName":"search_term_string"}}],"inLanguage":"es"},{"@type":["Person","Organization"],"@id":"https:\/\/nauvemix.com\/rrpp\/#\/schema\/person\/9168ad5e1c79786216aabf940fcedfc9","name":"NAUVEMIX","image":{"@type":"ImageObject","inLanguage":"es","@id":"https:\/\/nauvemix.com\/rrpp\/wp-content\/uploads\/logo-barra-150.png","url":"https:\/\/nauvemix.com\/rrpp\/wp-content\/uploads\/logo-barra-150.png","contentUrl":"https:\/\/nauvemix.com\/rrpp\/wp-content\/uploads\/logo-barra-150.png","width":146,"height":70,"caption":"NAUVEMIX"},"logo":{"@id":"https:\/\/nauvemix.com\/rrpp\/wp-content\/uploads\/logo-barra-150.png"},"sameAs":["http:\/\/nauvemix.com\/rrpp","https:\/\/www.instagram.com\/serviciosnae","https:\/\/www.youtube.com\/channel\/UC-NvCsXlJpHGkuY0noDtZoA"]}]}},"_links":{"self":[{"href":"https:\/\/nauvemix.com\/rrpp\/wp-json\/wp\/v2\/pages\/1898","targetHints":{"allow":["GET"]}}],"collection":[{"href":"https:\/\/nauvemix.com\/rrpp\/wp-json\/wp\/v2\/pages"}],"about":[{"href":"https:\/\/nauvemix.com\/rrpp\/wp-json\/wp\/v2\/types\/page"}],"author":[{"embeddable":true,"href":"https:\/\/nauvemix.com\/rrpp\/wp-json\/wp\/v2\/users\/1"}],"replies":[{"embeddable":true,"href":"https:\/\/nauvemix.com\/rrpp\/wp-json\/wp\/v2\/comments?post=1898"}],"version-history":[{"count":3,"href":"https:\/\/nauvemix.com\/rrpp\/wp-json\/wp\/v2\/pages\/1898\/revisions"}],"predecessor-version":[{"id":1911,"href":"https:\/\/nauvemix.com\/rrpp\/wp-json\/wp\/v2\/pages\/1898\/revisions\/1911"}],"wp:featuredmedia":[{"embeddable":true,"href":"https:\/\/nauvemix.com\/rrpp\/wp-json\/wp\/v2\/media\/864"}],"wp:attachment":[{"href":"https:\/\/nauvemix.com\/rrpp\/wp-json\/wp\/v2\/media?parent=1898"}],"curies":[{"name":"wp","href":"https:\/\/api.w.org\/{rel}","templated":true}]}}